{"id":15816,"date":"2025-07-01T12:24:02","date_gmt":"2025-07-01T10:24:02","guid":{"rendered":"https:\/\/headway-advisory.com\/legal-notice\/"},"modified":"2025-11-20T19:29:55","modified_gmt":"2025-11-20T18:29:55","slug":"legal-notice","status":"publish","type":"page","link":"https:\/\/headway-advisory.com\/en\/legal-notice\/","title":{"rendered":"Legal Notice"},"content":{"rendered":"\t\t<div data-elementor-type=\"wp-page\" data-elementor-id=\"15816\" class=\"elementor elementor-15816 elementor-9485\" data-elementor-post-type=\"page\">\n\t\t\t\t<div class=\"elementor-element elementor-element-3585a73 e-flex e-con-boxed e-con e-parent \" data-id=\"3585a73\" data-element_type=\"container\" data-e-type=\"container\">\t\t\t<div class=\"e-con-inner\">\r\n\t\t\t\t<div class=\"elementor-element elementor-element-be7553d elementor-widget elementor-widget-heading\" data-id=\"be7553d\" data-element_type=\"widget\" data-e-type=\"widget\" data-widget_type=\"heading.default\">\n\t\t\t\t\t<h2 class=\"elementor-heading-title elementor-size-default\">HEADway Advisory website legal notice\n<\/h2>\t\t\t\t<\/div>\n\t\t\t\t<div class=\"elementor-element elementor-element-92af385 elementor-widget elementor-widget-pxl_text_editor\" data-id=\"92af385\" data-element_type=\"widget\" data-e-type=\"widget\" data-widget_type=\"pxl_text_editor.default\">\n\t\t\t\t<div class=\"elementor-widget-container\">\n\t\t\t\t\t<div class=\"pxl-text-editor\">\n\t<div class=\"pxl-item--inner \" data-wow-delay=\"ms\">\n\t\t<p>HIGHER EDUCATION ADVISORY, SAS au capital de 30 000 \u20ac, dont le si\u00e8ge est situ\u00e9 au 33, rue d&#8217;Amsterdam, 75008 Paris, immatricul\u00e9e au Registre du Commerce et des Soci\u00e9t\u00e9s de Paris sous le num\u00e9ro 532989902. T\u00e9l : 01 71 18 22 62<\/p><p>Conception et r\u00e9alisation du site \u2013 Maud Debs<\/p><p>Responsable de la r\u00e9daction &#8211; S\u00e9bastien Vivier-Lirimont\u00a0<\/p><p>Conditions d\u2019h\u00e9bergement : ONLINE Soci\u00e9t\u00e9 par Actions Simplifi\u00e9e au capital de 214 410,50 Euros dont le si\u00e8ge social est situ\u00e9 : 8 rue de la Ville l\u2019Ev\u00eaque, 75008 Paris<\/p>\t\t\n\t<\/div>\n<\/div>\t\t\t\t<\/div>\n\t\t\t\t<\/div>\n\t\t\t\t\t<\/div>\r\n\t\t\t\t<\/div>\r\n\t\t\t\t<\/div>\n\t\t","protected":false},"excerpt":{"rendered":"<p>HEADway Advisory website legal notice HIGHER EDUCATION ADVISORY, SAS au capital de 30 000 \u20ac, dont le si\u00e8ge est situ\u00e9 au 33, rue d&#8217;Amsterdam, 75008 Paris, immatricul\u00e9e au Registre du Commerce et des Soci\u00e9t\u00e9s de Paris sous le num\u00e9ro 532989902. T\u00e9l : 01 71 18 22 62 Conception et r\u00e9alisation du site \u2013 Maud Debs [&hellip;]<\/p>\n","protected":false},"author":2,"featured_media":0,"parent":0,"menu_order":0,"comment_status":"closed","ping_status":"closed","template":"","meta":{"_acf_changed":false,"footnotes":""},"class_list":["post-15816","page","type-page","status-publish","hentry"],"acf":[],"yoast_head":"<!-- This site is optimized with the Yoast SEO plugin v27.4 - https:\/\/yoast.com\/product\/yoast-seo-wordpress\/ -->\n<title>Legal Notice - HEADway Advisory<\/title>\n<meta name=\"description\" content=\"Legal notice | HEADway Advisory \u2013 Higher education consulting. Consult the legal notice of the HEADway Advisory website: legal information, publisher, host, and publication manager. Transparency and GDPR compliance.\" \/>\n<meta name=\"robots\" content=\"index, follow, max-snippet:-1, max-image-preview:large, max-video-preview:-1\" \/>\n<link rel=\"canonical\" href=\"https:\/\/headway-advisory.com\/en\/legal-notice\/\" \/>\n<meta property=\"og:locale\" content=\"en_US\" \/>\n<meta property=\"og:type\" content=\"article\" \/>\n<meta property=\"og:title\" content=\"Legal Notice - HEADway Advisory\" \/>\n<meta property=\"og:description\" content=\"Legal notice | HEADway Advisory \u2013 Higher education consulting. Consult the legal notice of the HEADway Advisory website: legal information, publisher, host, and publication manager. Transparency and GDPR compliance.\" \/>\n<meta property=\"og:url\" content=\"https:\/\/headway-advisory.com\/en\/legal-notice\/\" \/>\n<meta property=\"og:site_name\" content=\"HEADway Advisory\" \/>\n<meta property=\"article:publisher\" content=\"https:\/\/www.facebook.com\/headwayadvisory\/\" \/>\n<meta property=\"article:modified_time\" content=\"2025-11-20T18:29:55+00:00\" \/>\n<meta name=\"twitter:card\" content=\"summary_large_image\" \/>\n<script type=\"application\/ld+json\" class=\"yoast-schema-graph\">{\"@context\":\"https:\\\/\\\/schema.org\",\"@graph\":[{\"@type\":\"WebPage\",\"@id\":\"https:\\\/\\\/headway-advisory.com\\\/en\\\/legal-notice\\\/\",\"url\":\"https:\\\/\\\/headway-advisory.com\\\/en\\\/legal-notice\\\/\",\"name\":\"Legal Notice - HEADway Advisory\",\"isPartOf\":{\"@id\":\"https:\\\/\\\/headway-advisory.com\\\/en\\\/#website\"},\"datePublished\":\"2025-07-01T10:24:02+00:00\",\"dateModified\":\"2025-11-20T18:29:55+00:00\",\"description\":\"Legal notice | HEADway Advisory \u2013 Higher education consulting. Consult the legal notice of the HEADway Advisory website: legal information, publisher, host, and publication manager. Transparency and GDPR compliance.\",\"breadcrumb\":{\"@id\":\"https:\\\/\\\/headway-advisory.com\\\/en\\\/legal-notice\\\/#breadcrumb\"},\"inLanguage\":\"en-US\",\"potentialAction\":[{\"@type\":\"ReadAction\",\"target\":[\"https:\\\/\\\/headway-advisory.com\\\/en\\\/legal-notice\\\/\"]}]},{\"@type\":\"BreadcrumbList\",\"@id\":\"https:\\\/\\\/headway-advisory.com\\\/en\\\/legal-notice\\\/#breadcrumb\",\"itemListElement\":[{\"@type\":\"ListItem\",\"position\":1,\"name\":\"Accueil\",\"item\":\"https:\\\/\\\/headway-advisory.com\\\/en\\\/\"},{\"@type\":\"ListItem\",\"position\":2,\"name\":\"Legal Notice\"}]},{\"@type\":\"WebSite\",\"@id\":\"https:\\\/\\\/headway-advisory.com\\\/en\\\/#website\",\"url\":\"https:\\\/\\\/headway-advisory.com\\\/en\\\/\",\"name\":\"HEADway Advisory\",\"description\":\"\",\"publisher\":{\"@id\":\"https:\\\/\\\/headway-advisory.com\\\/en\\\/#organization\"},\"potentialAction\":[{\"@type\":\"SearchAction\",\"target\":{\"@type\":\"EntryPoint\",\"urlTemplate\":\"https:\\\/\\\/headway-advisory.com\\\/en\\\/?s={search_term_string}\"},\"query-input\":{\"@type\":\"PropertyValueSpecification\",\"valueRequired\":true,\"valueName\":\"search_term_string\"}}],\"inLanguage\":\"en-US\"},{\"@type\":\"Organization\",\"@id\":\"https:\\\/\\\/headway-advisory.com\\\/en\\\/#organization\",\"name\":\"HEADway Advisory\",\"url\":\"https:\\\/\\\/headway-advisory.com\\\/en\\\/\",\"logo\":{\"@type\":\"ImageObject\",\"inLanguage\":\"en-US\",\"@id\":\"https:\\\/\\\/headway-advisory.com\\\/en\\\/#\\\/schema\\\/logo\\\/image\\\/\",\"url\":\"https:\\\/\\\/headway-advisory.com\\\/wp-content\\\/uploads\\\/2025\\\/06\\\/cropped-favicon-Headway-Advisory.png\",\"contentUrl\":\"https:\\\/\\\/headway-advisory.com\\\/wp-content\\\/uploads\\\/2025\\\/06\\\/cropped-favicon-Headway-Advisory.png\",\"width\":260,\"height\":260,\"caption\":\"HEADway Advisory\"},\"image\":{\"@id\":\"https:\\\/\\\/headway-advisory.com\\\/en\\\/#\\\/schema\\\/logo\\\/image\\\/\"},\"sameAs\":[\"https:\\\/\\\/www.facebook.com\\\/headwayadvisory\\\/\",\"https:\\\/\\\/www.linkedin.com\\\/company\\\/headway-advisory\\\/\"]}]}<\/script>\n<!-- \/ Yoast SEO plugin. -->","yoast_head_json":{"title":"Legal Notice - HEADway Advisory","description":"Legal notice | HEADway Advisory \u2013 Higher education consulting. Consult the legal notice of the HEADway Advisory website: legal information, publisher, host, and publication manager. Transparency and GDPR compliance.","robots":{"index":"index","follow":"follow","max-snippet":"max-snippet:-1","max-image-preview":"max-image-preview:large","max-video-preview":"max-video-preview:-1"},"canonical":"https:\/\/headway-advisory.com\/en\/legal-notice\/","og_locale":"en_US","og_type":"article","og_title":"Legal Notice - HEADway Advisory","og_description":"Legal notice | HEADway Advisory \u2013 Higher education consulting. Consult the legal notice of the HEADway Advisory website: legal information, publisher, host, and publication manager. Transparency and GDPR compliance.","og_url":"https:\/\/headway-advisory.com\/en\/legal-notice\/","og_site_name":"HEADway Advisory","article_publisher":"https:\/\/www.facebook.com\/headwayadvisory\/","article_modified_time":"2025-11-20T18:29:55+00:00","twitter_card":"summary_large_image","schema":{"@context":"https:\/\/schema.org","@graph":[{"@type":"WebPage","@id":"https:\/\/headway-advisory.com\/en\/legal-notice\/","url":"https:\/\/headway-advisory.com\/en\/legal-notice\/","name":"Legal Notice - HEADway Advisory","isPartOf":{"@id":"https:\/\/headway-advisory.com\/en\/#website"},"datePublished":"2025-07-01T10:24:02+00:00","dateModified":"2025-11-20T18:29:55+00:00","description":"Legal notice | HEADway Advisory \u2013 Higher education consulting. Consult the legal notice of the HEADway Advisory website: legal information, publisher, host, and publication manager. Transparency and GDPR compliance.","breadcrumb":{"@id":"https:\/\/headway-advisory.com\/en\/legal-notice\/#breadcrumb"},"inLanguage":"en-US","potentialAction":[{"@type":"ReadAction","target":["https:\/\/headway-advisory.com\/en\/legal-notice\/"]}]},{"@type":"BreadcrumbList","@id":"https:\/\/headway-advisory.com\/en\/legal-notice\/#breadcrumb","itemListElement":[{"@type":"ListItem","position":1,"name":"Accueil","item":"https:\/\/headway-advisory.com\/en\/"},{"@type":"ListItem","position":2,"name":"Legal Notice"}]},{"@type":"WebSite","@id":"https:\/\/headway-advisory.com\/en\/#website","url":"https:\/\/headway-advisory.com\/en\/","name":"HEADway Advisory","description":"","publisher":{"@id":"https:\/\/headway-advisory.com\/en\/#organization"},"potentialAction":[{"@type":"SearchAction","target":{"@type":"EntryPoint","urlTemplate":"https:\/\/headway-advisory.com\/en\/?s={search_term_string}"},"query-input":{"@type":"PropertyValueSpecification","valueRequired":true,"valueName":"search_term_string"}}],"inLanguage":"en-US"},{"@type":"Organization","@id":"https:\/\/headway-advisory.com\/en\/#organization","name":"HEADway Advisory","url":"https:\/\/headway-advisory.com\/en\/","logo":{"@type":"ImageObject","inLanguage":"en-US","@id":"https:\/\/headway-advisory.com\/en\/#\/schema\/logo\/image\/","url":"https:\/\/headway-advisory.com\/wp-content\/uploads\/2025\/06\/cropped-favicon-Headway-Advisory.png","contentUrl":"https:\/\/headway-advisory.com\/wp-content\/uploads\/2025\/06\/cropped-favicon-Headway-Advisory.png","width":260,"height":260,"caption":"HEADway Advisory"},"image":{"@id":"https:\/\/headway-advisory.com\/en\/#\/schema\/logo\/image\/"},"sameAs":["https:\/\/www.facebook.com\/headwayadvisory\/","https:\/\/www.linkedin.com\/company\/headway-advisory\/"]}]}},"_links":{"self":[{"href":"https:\/\/headway-advisory.com\/en\/wp-json\/wp\/v2\/pages\/15816","targetHints":{"allow":["GET"]}}],"collection":[{"href":"https:\/\/headway-advisory.com\/en\/wp-json\/wp\/v2\/pages"}],"about":[{"href":"https:\/\/headway-advisory.com\/en\/wp-json\/wp\/v2\/types\/page"}],"author":[{"embeddable":true,"href":"https:\/\/headway-advisory.com\/en\/wp-json\/wp\/v2\/users\/2"}],"replies":[{"embeddable":true,"href":"https:\/\/headway-advisory.com\/en\/wp-json\/wp\/v2\/comments?post=15816"}],"version-history":[{"count":0,"href":"https:\/\/headway-advisory.com\/en\/wp-json\/wp\/v2\/pages\/15816\/revisions"}],"wp:attachment":[{"href":"https:\/\/headway-advisory.com\/en\/wp-json\/wp\/v2\/media?parent=15816"}],"curies":[{"name":"wp","href":"https:\/\/api.w.org\/{rel}","templated":true}]}}