{"id":15834,"date":"2025-06-17T18:26:07","date_gmt":"2025-06-17T16:26:07","guid":{"rendered":"https:\/\/headway-advisory.com\/headway-infodata\/"},"modified":"2025-12-05T10:39:52","modified_gmt":"2025-12-05T09:39:52","slug":"headway-infodata","status":"publish","type":"page","link":"https:\/\/headway-advisory.com\/en\/headway-infodata\/","title":{"rendered":"HEADway Info&#038;Data"},"content":{"rendered":"\t\t<div data-elementor-type=\"wp-page\" data-elementor-id=\"15834\" class=\"elementor elementor-15834 elementor-9224\" data-elementor-post-type=\"page\">\n\t\t\t\t        <section class=\"elementor-section elementor-top-section elementor-element elementor-element-3244aa87 elementor-section-stretched elementor-section-boxed elementor-section-height-default elementor-section-height-default pxl-row-scroll-none pxl-bg-color-none pxl-section-overlay-none pxl-column-overflow-hidden-no\" data-id=\"3244aa87\" data-element_type=\"section\" data-e-type=\"section\" data-settings=\"{&quot;stretch_section&quot;:&quot;section-stretched&quot;}\">\n\n                \n        <div id=\"pxl-row-particles-69e1f189e6196\" class=\"pxl-row-particles\" data-number=\"8\" data-size=\"6\" data-size-random=\"true\" data-move-direction=\"top-right\" data-color=\"[&quot;#b73490&quot;,&quot;#006b41&quot;,&quot;#cd3000&quot;,&quot;#608ecb&quot;,&quot;#ffb500&quot;,&quot;#6e4e00&quot;,&quot;#6b541b&quot;,&quot;#305686&quot;,&quot;#00ffb4&quot;,&quot;#8798ff&quot;,&quot;#0044c1&quot;]\"><\/div><div class=\"pxl-section-effect-images\"><img decoding=\"async\" data-parallax-value=\"\" data-parallax=\"[]\" class=\"pxl-item--image elementor-repeater-item-94c85fb slide-right-to-left  pxl-hide-sr-md pxl-hide-sr-sm\" src=\"https:\/\/headway-advisory.com\/wp-content\/uploads\/2025\/08\/wave_2.png\" \/><img decoding=\"async\" data-parallax-value=\"\" data-parallax=\"[]\" class=\"pxl-item--image elementor-repeater-item-cbe8120 slide-left-to-right  pxl-hide-sr-md pxl-hide-sr-sm\" src=\"https:\/\/headway-advisory.com\/wp-content\/uploads\/2025\/08\/curve.png\" \/><img decoding=\"async\" data-parallax-value=\"\" data-parallax=\"[]\" class=\"pxl-item--image elementor-repeater-item-f2a072d slide-top-to-bottom  pxl-hide-sr-md pxl-hide-sr-sm\" src=\"https:\/\/headway-advisory.com\/wp-content\/uploads\/2025\/08\/chevrons.png\" \/><\/div>        <div class=\"elementor-container elementor-column-gap-extended \">\n                <div class=\"elementor-column elementor-col-100 elementor-top-column elementor-element elementor-element-191fd8d0 pxl-column-none pxl-section-offset-none pxl-particle-background-none\" data-id=\"191fd8d0\" data-element_type=\"column\" data-e-type=\"column\">\r\n        <div class=\"elementor-widget-wrap elementor-element-populated\">\r\n                     \r\n        \t\t<div class=\"elementor-element elementor-element-1d2b0083 elementor-widget elementor-widget-pxl_heading\" data-id=\"1d2b0083\" data-element_type=\"widget\" data-e-type=\"widget\" data-widget_type=\"pxl_heading.default\">\n\t\t\t\t<div class=\"elementor-widget-container\">\n\t\t\t\t\t\n<div id=\"pxl-pxl_heading-1d2b0083-4963\" class=\"pxl-heading px-sub-title-default-style  \">\n\t<div class=\"pxl-heading--inner\">\n\t\t\t\t\t<div class=\"pxl-item--subtitle px-sub-title-default  \" data-wow-delay=\"ms\">\n\t\t\t\t<span class=\"pxl-item--subtext\">\n\t\t\t\t\t\t\n\t\t\t\t\t\t\t\t\t\t\t\n\t\t\t\t\t\t\t\t\t\t\t\t\t\t\t\tAll the latest news from ESR\t\t\t\t\t\t\n\t\t\t\t\t\t\t\t\t\t\t\t\n\t\t\t\t<\/span>\n\t\t\t<\/div>\n\t\t\n\t\t<h3 class=\"pxl-item--title divider-none  \" data-wow-delay=\"ms\">\n\t\t\t\t\tHEADway Info&#038;Data\n\t\n\t\t\t\n\t\t<\/h3>\n\n\t<\/div>\n<\/div>\t\t\t\t<\/div>\n\t\t\t\t<\/div>\n\t\t\t\t<div class=\"elementor-element elementor-element-65a4277c elementor-widget elementor-widget-pxl_text_editor\" data-id=\"65a4277c\" data-element_type=\"widget\" data-e-type=\"widget\" data-widget_type=\"pxl_text_editor.default\">\n\t\t\t\t<div class=\"elementor-widget-container\">\n\t\t\t\t\t<div class=\"pxl-text-editor\">\n\t<div class=\"pxl-item--inner \" data-wow-delay=\"ms\">\n\t\t<p>HEADway Advisory&#8217;s Information business focuses on high value-added content:<\/p><ul><li>L&#8217;Essentiel du Sup: A weekly newsletter read by 2,000 decision-makers in higher education and research.\u00a0<\/li><li>Un blog : <a href=\"https:\/\/blog.headway-advisory.com\/\">blog.headway-advisory.com<\/a><\/li><li>L&#8217;Essentiel Pr\u00e9pas: A magazine dedicated to ECG prep school teachers.<\/li><li>White papers, rankings, and events.<\/li><\/ul><p><a href=\"https:\/\/headway-advisory.com\/information-data-esr\/\">Only in French &#8211; go to our French version\u00a0<\/a><\/p>\t\t\n\t<\/div>\n<\/div>\t\t\t\t<\/div>\n\t\t\t\t<\/div>\n\t\t\t\t<div class=\"elementor-element elementor-element-5dfaff24 pxl-post-layout-service-4 elementor-widget elementor-widget-pxl_post_grid\" data-id=\"5dfaff24\" data-element_type=\"widget\" data-e-type=\"widget\" data-widget_type=\"pxl_post_grid.default\">\n\t\t\t\t<div class=\"elementor-widget-container\">\n\t\t\t\t\t\n<div id=\"pxl_post_grid-5dfaff24-2326\" class=\"pxl-grid pxl-service-grid pxl-service-grid-layout4\" data-layout=\"masonry\" data-start-page=\"1\" data-max-pages=\"1\" data-total=\"1\" data-perpage=\"4\" data-next-link=\"\">\n    \n<div class=\"pxl-grid-inner pxl-grid-masonry row\" data-gutter=\"15\">\n    <div class=\"grid-sizer col-xl-3 col-lg-3 col-md-3 col-sm-6 col-12\"><\/div>\n                <div class=\"pxl-grid-item col-xl-3 col-lg-3 col-md-3 col-sm-6 col-12 headway-infodata\">\n                <div class=\"pxl-item--inner \" data-wow-duration=\"1.2s\">\n                    <div class=\"pxl-item--holder\">\n                                                           \n                        <div class=\"pxl-item--number\">\n                            01                        <\/div>\n                        <h6 class=\"pxl-item--title\">\n                            <a href=\"https:\/\/headway-advisory.com\/en\/service\/information-data\/\">Information &#038; data<\/a>\n                        <\/h6>      \n                                                    \n                                                    \n                            <a class=\"pxl-item--button\" href=\"https:\/\/headway-advisory.com\/en\/service\/information-data\/\">\n                                <svg xmlns=\"http:\/\/www.w3.org\/2000\/svg\" width=\"12\" height=\"12\" viewBox=\"0 0 12 12\" fill=\"none\">\n                                  <path d=\"M0 6.77834H9.01985L5.51654 10.2816L6.61736 11.3825L12 5.99983L6.61736 0.617188L5.51654 1.71801L9.01985 5.22131H0V6.77834Z\" fill=\"#687799 \"\/>\n                              <\/svg>\n                              <span>Read more<\/span>\n                        <\/a>                        \n                                     \n                <\/div>\n            <\/div>\n        <\/div>\n        <\/div>\n<\/div>\t\t\t\t<\/div>\n\t\t\t\t<\/div>\n\t\t\t\t<div class=\"elementor-element elementor-element-f329cab elementor-widget elementor-widget-pxl_text_editor\" data-id=\"f329cab\" data-element_type=\"widget\" data-e-type=\"widget\" data-widget_type=\"pxl_text_editor.default\">\n\t\t\t\t<div class=\"elementor-widget-container\">\n\t\t\t\t\t<div class=\"pxl-text-editor\">\n\t<div class=\"pxl-item--inner \" data-wow-delay=\"ms\">\n\t\t<p>On the data side, HEADway produces customized or publicly available quantitative and qualitative analyses to help industry players structure their decisions and meet their challenges.<\/p>\t\t\n\t<\/div>\n<\/div>\t\t\t\t<\/div>\n\t\t\t\t<\/div>\n\t\t\t\t<div class=\"elementor-element elementor-element-a30a6fb elementor-widget elementor-widget-pxl_heading\" data-id=\"a30a6fb\" data-element_type=\"widget\" data-e-type=\"widget\" data-widget_type=\"pxl_heading.default\">\n\t\t\t\t<div class=\"elementor-widget-container\">\n\t\t\t\t\t\n<div id=\"pxl-pxl_heading-a30a6fb-6549\" class=\"pxl-heading px-sub-title-default-style  \">\n\t<div class=\"pxl-heading--inner\">\n\t\t\t\t\t<div class=\"pxl-item--subtitle px-sub-title-default  \" data-wow-delay=\"ms\">\n\t\t\t\t<span class=\"pxl-item--subtext\">\n\t\t\t\t\t\t\n\t\t\t\t\t\t\t\t\t\t\t\n\t\t\t\t\t\t\t\t\t\t\t\t\t\t\t\tOur last posts\t\t\t\t\t\t\n\t\t\t\t\t\t\t\t\t\t\t\t\n\t\t\t\t<\/span>\n\t\t\t<\/div>\n\t\t\n\t\t<h2 class=\"pxl-item--title divider-none  \" data-wow-delay=\"ms\">\n\t\t\t\t\tBlog HEADway Advisory\t\n\t\t\t\n\t\t<\/h2>\n\n\t<\/div>\n<\/div>\t\t\t\t<\/div>\n\t\t\t\t<\/div>\n\t\t\t\t<div class=\"elementor-element elementor-element-c46ebda elementor-widget elementor-widget-shortcode\" data-id=\"c46ebda\" data-element_type=\"widget\" data-e-type=\"widget\" data-widget_type=\"shortcode.default\">\n\t\t\t\t\t\t\t<div class=\"elementor-shortcode\"><style>\n      .hw-latest{display:grid;grid-template-columns:repeat(auto-fit,minmax(280px,1fr));gap:24px}\n      .hw-latest .hw-post{\n        background:#fff;border-radius:12px;overflow:hidden;\n        box-shadow:0 2px 8px rgba(0,0,0,.1);transition:transform .2s ease\n      }\n      .hw-latest .hw-post:hover{transform:translateY(-4px)}\n      .hw-latest .hw-thumb{display:block}\n      .hw-latest .hw-thumb img{width:100%;height:200px;object-fit:cover;display:block}\n      .hw-latest .hw-body{padding:16px}\n      .hw-latest .hw-title{font-size:1.08rem;margin:0 0 8px;line-height:1.3}\n      .hw-latest .hw-title a{text-decoration:none;color:#222}\n      .hw-latest .hw-title a:hover{color:#fabc51}\n      .hw-latest time{font-size:.85rem;color:#777;display:block;margin-bottom:6px}\n      .hw-latest .hw-excerpt{font-size:.95rem;color:#555;line-height:1.45;margin:0}\n    <\/style><div class=\"hw-latest\"><article class=\"hw-post\"><a class=\"hw-thumb\" href=\"https:\/\/blog.headway-advisory.com\/enseignement-superieur-des-collectivites-locales-de-plus-en-plus-investies\/\"><img decoding=\"async\" src=\"https:\/\/blog.headway-advisory.com\/wp-content\/uploads\/2026\/04\/eds578-A-la-une-1-300x187.png\" alt=\"\"><\/a><div class=\"hw-body\"><h3 class=\"hw-title\"><a href=\"https:\/\/blog.headway-advisory.com\/enseignement-superieur-des-collectivites-locales-de-plus-en-plus-investies\/\">Enseignement supe\u0301rieur\u00a0: des collectivit\u00e9s locales de plus en plus investies<\/a><\/h3><time datetime=\"2026-04-17T09:00:02\">17 April 2026<\/time><p class=\"hw-excerpt\">En 2024, les collectivit\u00e9s territoriales ont consacr\u00e9 1,5 milliard d\u2019euros au financement de l\u2019enseignement sup\u00e9rieur et de la recherche, en augmentation de&hellip;<\/p><\/div><\/article><article class=\"hw-post\"><a class=\"hw-thumb\" href=\"https:\/\/blog.headway-advisory.com\/le-classement-des-classements-des-ecoles-de-commerce\/\"><img decoding=\"async\" src=\"https:\/\/blog.headway-advisory.com\/wp-content\/uploads\/2024\/01\/Classement-des-ecoles-768x439.webp\" alt=\"\"><\/a><div class=\"hw-body\"><h3 class=\"hw-title\"><a href=\"https:\/\/blog.headway-advisory.com\/le-classement-des-classements-des-ecoles-de-commerce\/\">Le \u00ab\u00a0Classement des classements\u00a0\u00bb des \u00e9coles de management 2025-2026<\/a><\/h3><time datetime=\"2026-04-17T08:30:16\">17 April 2026<\/time><p class=\"hw-excerpt\">Fin 2025 Le Figaro Etudiant et Challenges ont publi\u00e9 chacun leurs classements des \u00e9coles de management. En f\u00e9vrier c&rsquo;est au tour de&hellip;<\/p><\/div><\/article><article class=\"hw-post\"><a class=\"hw-thumb\" href=\"https:\/\/blog.headway-advisory.com\/il-fallait-transformer-lessai-et-essayer-dinscrire-durablement-la-rabat-business-school-dans-une-nouvelle-categorie\/\"><img decoding=\"async\" src=\"https:\/\/blog.headway-advisory.com\/wp-content\/uploads\/2026\/04\/eds578-Entretien-Arnaud-Nicolas-768x507.png\" alt=\"\"><\/a><div class=\"hw-body\"><h3 class=\"hw-title\"><a href=\"https:\/\/blog.headway-advisory.com\/il-fallait-transformer-lessai-et-essayer-dinscrire-durablement-la-rabat-business-school-dans-une-nouvelle-categorie\/\">\u00ab\u00a0Il fallait transformer l\u2019essai et essayer d\u2019inscrire durablement la Rabat Business School dans une nouvelle cat\u00e9gorie\u00a0\u00bb<\/a><\/h3><time datetime=\"2026-04-16T09:00:03\">16 April 2026<\/time><p class=\"hw-excerpt\">Arriv\u00e9 en 2024 \u00e0 la t\u00eate de Rabat Business School de l\u2019Universit\u00e9 Internationale de Rabat, Nicolas Arnaud l\u2019accompagne dans une phase d\u2019acc\u00e9l\u00e9ration&hellip;<\/p><\/div><\/article><article class=\"hw-post\"><a class=\"hw-thumb\" href=\"https:\/\/blog.headway-advisory.com\/orientation-competences-et-enseignement-superieur-lanalyse-daline-scouarnec\/\"><img decoding=\"async\" src=\"https:\/\/blog.headway-advisory.com\/wp-content\/uploads\/2026\/04\/eds578-Entretien-Aline-Scouarnec-224x300.png\" alt=\"\"><\/a><div class=\"hw-body\"><h3 class=\"hw-title\"><a href=\"https:\/\/blog.headway-advisory.com\/orientation-competences-et-enseignement-superieur-lanalyse-daline-scouarnec\/\">Orientation comp\u00e9tences et enseignement sup\u00e9rieur : l&rsquo;analyse d&rsquo;Aline Scouarnec<\/a><\/h3><time datetime=\"2026-04-15T09:00:54\">15 April 2026<\/time><p class=\"hw-excerpt\">Prospective des m\u00e9tiers, transformation des organisations, orientation comp\u00e9tences : la professeure Aline Scouarnec revient avec nous sur le fil rouge de ses&hellip;<\/p><\/div><\/article><article class=\"hw-post\"><a class=\"hw-thumb\" href=\"https:\/\/blog.headway-advisory.com\/nous-mettons-au-centre-de-nos-campus-la-vie-etudiante-et-la-dimension-collective\/\"><img decoding=\"async\" src=\"https:\/\/blog.headway-advisory.com\/wp-content\/uploads\/2026\/04\/Delphine-Manceau.jpg\" alt=\"\"><\/a><div class=\"hw-body\"><h3 class=\"hw-title\"><a href=\"https:\/\/blog.headway-advisory.com\/nous-mettons-au-centre-de-nos-campus-la-vie-etudiante-et-la-dimension-collective\/\">\u00ab Nous mettons au centre de nos campus la vie \u00e9tudiante et la dimension collective \u00bb<\/a><\/h3><time datetime=\"2026-04-14T09:00:32\">14 April 2026<\/time><p class=\"hw-excerpt\">[vc_row][vc_column][vc_column_text css=&quot;&quot;]Depuis quelques ann\u00e9es, les grandes \u00e9coles fran\u00e7aises r\u00e9investissent massivement dans leurs campus. Derri\u00e8re cette course \u00e0 l\u2019immobilier, une conviction s\u2019impose :&hellip;<\/p><\/div><\/article><article class=\"hw-post\"><a class=\"hw-thumb\" href=\"https:\/\/blog.headway-advisory.com\/lugei-se-reinvente\/\"><img decoding=\"async\" src=\"https:\/\/blog.headway-advisory.com\/wp-content\/uploads\/2026\/04\/eds578-Strategies-768x455.png\" alt=\"\"><\/a><div class=\"hw-body\"><h3 class=\"hw-title\"><a href=\"https:\/\/blog.headway-advisory.com\/lugei-se-reinvente\/\">L\u2019UGEI\u00a0se r\u00e9invente<\/a><\/h3><time datetime=\"2026-04-13T09:00:24\">13 April 2026<\/time><p class=\"hw-excerpt\">Jo\u00ebl Cuny, pr\u00e9sident de l\u2019Ugei, pr\u00e9sente sa strat\u00e9gie entour\u00e9 de Dominique Baillargeat (3il), Jean-Christophe Hauguel (ISC Paris) et Olivier Maillard (Ipag) L\u2019UGEI&hellip;<\/p><\/div><\/article><\/div>\n<\/div>\n\t\t\t\t\t\t<\/div>\n\t\t\t\t<div class=\"elementor-element elementor-element-a5b24e7 elementor-align-center elementor-widget elementor-widget-pxl_button\" data-id=\"a5b24e7\" data-element_type=\"widget\" data-e-type=\"widget\" data-widget_type=\"pxl_button.default\">\n\t\t\t\t<div class=\"elementor-widget-container\">\n\t\t\t\t\t<div id=\"pxl-pxl_button-a5b24e7-6176\" class=\"pxl-button pxl-atc-link\">\r\n            <a href=\"https:\/\/blog.headway-advisory.com\/\" data-hover=\"Go to our blog - Only French\" class=\"btn pxl-icon-active btn-default  pxl-icon--left\" data-wow-delay=\"ms\">\r\n                        <span class=\"pxl--btn-text \" data-animation=\"\">\r\n                <span>G<\/span><span>o<\/span><span>&nbsp;<\/span><span>t<\/span><span>o<\/span><span>&nbsp;<\/span><span>o<\/span><span>u<\/span><span>r<\/span><span>&nbsp;<\/span><span>b<\/span><span>l<\/span><span>o<\/span><span>g<\/span><span>&nbsp;<\/span><span>-<\/span><span>&nbsp;<\/span><span>O<\/span><span>n<\/span><span>l<\/span><span>y<\/span><span>&nbsp;<\/span><span>F<\/span><span>r<\/span><span>e<\/span><span>n<\/span><span>c<\/span><span>h<\/span>            <\/span>\r\n             \r\n        <\/a>\r\n        <\/div>\t\t\t\t<\/div>\n\t\t\t\t<\/div>\n\t\t            <\/div>\r\n        <\/div>\r\n        \t\t\t<\/div>\n\t\t<\/section>\n\t\t\t\t<\/div>\n\t\t","protected":false},"excerpt":{"rendered":"<p>All the latest news from ESR HEADway Info&#038;Data HEADway Advisory&#8217;s Information business focuses on high value-added content: L&#8217;Essentiel du Sup: A weekly newsletter read by 2,000 decision-makers in higher education and research.\u00a0 Un blog : blog.headway-advisory.com L&#8217;Essentiel Pr\u00e9pas: A magazine dedicated to ECG prep school teachers. White papers, rankings, and events. Only in French &#8211; [&hellip;]<\/p>\n","protected":false},"author":2,"featured_media":0,"parent":0,"menu_order":0,"comment_status":"closed","ping_status":"closed","template":"","meta":{"_acf_changed":false,"footnotes":""},"class_list":["post-15834","page","type-page","status-publish","hentry"],"acf":[],"yoast_head":"<!-- This site is optimized with the Yoast SEO plugin v27.4 - https:\/\/yoast.com\/product\/yoast-seo-wordpress\/ -->\n<title>HEADway Info&amp;Data - HEADway Advisory<\/title>\n<meta name=\"description\" content=\"Information &amp; Data for Education and Research | HEADway Advisory. Expert content and data analysis for higher education and research stakeholders: newsletter, blog, custom studies, rankings, events, and HEADway publications.\" \/>\n<meta name=\"robots\" content=\"index, follow, max-snippet:-1, max-image-preview:large, max-video-preview:-1\" \/>\n<link rel=\"canonical\" href=\"https:\/\/headway-advisory.com\/en\/headway-infodata\/\" \/>\n<meta property=\"og:locale\" content=\"en_US\" \/>\n<meta property=\"og:type\" content=\"article\" \/>\n<meta property=\"og:title\" content=\"HEADway Info&amp;Data - HEADway Advisory\" \/>\n<meta property=\"og:description\" content=\"Information &amp; Data for Education and Research | HEADway Advisory. Expert content and data analysis for higher education and research stakeholders: newsletter, blog, custom studies, rankings, events, and HEADway publications.\" \/>\n<meta property=\"og:url\" content=\"https:\/\/headway-advisory.com\/en\/headway-infodata\/\" \/>\n<meta property=\"og:site_name\" content=\"HEADway Advisory\" \/>\n<meta property=\"article:publisher\" content=\"https:\/\/www.facebook.com\/headwayadvisory\/\" \/>\n<meta property=\"article:modified_time\" content=\"2025-12-05T09:39:52+00:00\" \/>\n<meta name=\"twitter:card\" content=\"summary_large_image\" \/>\n<meta name=\"twitter:label1\" content=\"Est. reading time\" \/>\n\t<meta name=\"twitter:data1\" content=\"1 minute\" \/>\n<script type=\"application\/ld+json\" class=\"yoast-schema-graph\">{\"@context\":\"https:\\\/\\\/schema.org\",\"@graph\":[{\"@type\":\"WebPage\",\"@id\":\"https:\\\/\\\/headway-advisory.com\\\/en\\\/headway-infodata\\\/\",\"url\":\"https:\\\/\\\/headway-advisory.com\\\/en\\\/headway-infodata\\\/\",\"name\":\"HEADway Info&Data - HEADway Advisory\",\"isPartOf\":{\"@id\":\"https:\\\/\\\/headway-advisory.com\\\/en\\\/#website\"},\"datePublished\":\"2025-06-17T16:26:07+00:00\",\"dateModified\":\"2025-12-05T09:39:52+00:00\",\"description\":\"Information & Data for Education and Research | HEADway Advisory. Expert content and data analysis for higher education and research stakeholders: newsletter, blog, custom studies, rankings, events, and HEADway publications.\",\"breadcrumb\":{\"@id\":\"https:\\\/\\\/headway-advisory.com\\\/en\\\/headway-infodata\\\/#breadcrumb\"},\"inLanguage\":\"en-US\",\"potentialAction\":[{\"@type\":\"ReadAction\",\"target\":[\"https:\\\/\\\/headway-advisory.com\\\/en\\\/headway-infodata\\\/\"]}]},{\"@type\":\"BreadcrumbList\",\"@id\":\"https:\\\/\\\/headway-advisory.com\\\/en\\\/headway-infodata\\\/#breadcrumb\",\"itemListElement\":[{\"@type\":\"ListItem\",\"position\":1,\"name\":\"Accueil\",\"item\":\"https:\\\/\\\/headway-advisory.com\\\/en\\\/\"},{\"@type\":\"ListItem\",\"position\":2,\"name\":\"HEADway Info&#038;Data\"}]},{\"@type\":\"WebSite\",\"@id\":\"https:\\\/\\\/headway-advisory.com\\\/en\\\/#website\",\"url\":\"https:\\\/\\\/headway-advisory.com\\\/en\\\/\",\"name\":\"HEADway Advisory\",\"description\":\"\",\"publisher\":{\"@id\":\"https:\\\/\\\/headway-advisory.com\\\/en\\\/#organization\"},\"potentialAction\":[{\"@type\":\"SearchAction\",\"target\":{\"@type\":\"EntryPoint\",\"urlTemplate\":\"https:\\\/\\\/headway-advisory.com\\\/en\\\/?s={search_term_string}\"},\"query-input\":{\"@type\":\"PropertyValueSpecification\",\"valueRequired\":true,\"valueName\":\"search_term_string\"}}],\"inLanguage\":\"en-US\"},{\"@type\":\"Organization\",\"@id\":\"https:\\\/\\\/headway-advisory.com\\\/en\\\/#organization\",\"name\":\"HEADway Advisory\",\"url\":\"https:\\\/\\\/headway-advisory.com\\\/en\\\/\",\"logo\":{\"@type\":\"ImageObject\",\"inLanguage\":\"en-US\",\"@id\":\"https:\\\/\\\/headway-advisory.com\\\/en\\\/#\\\/schema\\\/logo\\\/image\\\/\",\"url\":\"https:\\\/\\\/headway-advisory.com\\\/wp-content\\\/uploads\\\/2025\\\/06\\\/cropped-favicon-Headway-Advisory.png\",\"contentUrl\":\"https:\\\/\\\/headway-advisory.com\\\/wp-content\\\/uploads\\\/2025\\\/06\\\/cropped-favicon-Headway-Advisory.png\",\"width\":260,\"height\":260,\"caption\":\"HEADway Advisory\"},\"image\":{\"@id\":\"https:\\\/\\\/headway-advisory.com\\\/en\\\/#\\\/schema\\\/logo\\\/image\\\/\"},\"sameAs\":[\"https:\\\/\\\/www.facebook.com\\\/headwayadvisory\\\/\",\"https:\\\/\\\/www.linkedin.com\\\/company\\\/headway-advisory\\\/\"]}]}<\/script>\n<!-- \/ Yoast SEO plugin. -->","yoast_head_json":{"title":"HEADway Info&Data - HEADway Advisory","description":"Information & Data for Education and Research | HEADway Advisory. Expert content and data analysis for higher education and research stakeholders: newsletter, blog, custom studies, rankings, events, and HEADway publications.","robots":{"index":"index","follow":"follow","max-snippet":"max-snippet:-1","max-image-preview":"max-image-preview:large","max-video-preview":"max-video-preview:-1"},"canonical":"https:\/\/headway-advisory.com\/en\/headway-infodata\/","og_locale":"en_US","og_type":"article","og_title":"HEADway Info&Data - HEADway Advisory","og_description":"Information & Data for Education and Research | HEADway Advisory. Expert content and data analysis for higher education and research stakeholders: newsletter, blog, custom studies, rankings, events, and HEADway publications.","og_url":"https:\/\/headway-advisory.com\/en\/headway-infodata\/","og_site_name":"HEADway Advisory","article_publisher":"https:\/\/www.facebook.com\/headwayadvisory\/","article_modified_time":"2025-12-05T09:39:52+00:00","twitter_card":"summary_large_image","twitter_misc":{"Est. reading time":"1 minute"},"schema":{"@context":"https:\/\/schema.org","@graph":[{"@type":"WebPage","@id":"https:\/\/headway-advisory.com\/en\/headway-infodata\/","url":"https:\/\/headway-advisory.com\/en\/headway-infodata\/","name":"HEADway Info&Data - HEADway Advisory","isPartOf":{"@id":"https:\/\/headway-advisory.com\/en\/#website"},"datePublished":"2025-06-17T16:26:07+00:00","dateModified":"2025-12-05T09:39:52+00:00","description":"Information & Data for Education and Research | HEADway Advisory. Expert content and data analysis for higher education and research stakeholders: newsletter, blog, custom studies, rankings, events, and HEADway publications.","breadcrumb":{"@id":"https:\/\/headway-advisory.com\/en\/headway-infodata\/#breadcrumb"},"inLanguage":"en-US","potentialAction":[{"@type":"ReadAction","target":["https:\/\/headway-advisory.com\/en\/headway-infodata\/"]}]},{"@type":"BreadcrumbList","@id":"https:\/\/headway-advisory.com\/en\/headway-infodata\/#breadcrumb","itemListElement":[{"@type":"ListItem","position":1,"name":"Accueil","item":"https:\/\/headway-advisory.com\/en\/"},{"@type":"ListItem","position":2,"name":"HEADway Info&#038;Data"}]},{"@type":"WebSite","@id":"https:\/\/headway-advisory.com\/en\/#website","url":"https:\/\/headway-advisory.com\/en\/","name":"HEADway Advisory","description":"","publisher":{"@id":"https:\/\/headway-advisory.com\/en\/#organization"},"potentialAction":[{"@type":"SearchAction","target":{"@type":"EntryPoint","urlTemplate":"https:\/\/headway-advisory.com\/en\/?s={search_term_string}"},"query-input":{"@type":"PropertyValueSpecification","valueRequired":true,"valueName":"search_term_string"}}],"inLanguage":"en-US"},{"@type":"Organization","@id":"https:\/\/headway-advisory.com\/en\/#organization","name":"HEADway Advisory","url":"https:\/\/headway-advisory.com\/en\/","logo":{"@type":"ImageObject","inLanguage":"en-US","@id":"https:\/\/headway-advisory.com\/en\/#\/schema\/logo\/image\/","url":"https:\/\/headway-advisory.com\/wp-content\/uploads\/2025\/06\/cropped-favicon-Headway-Advisory.png","contentUrl":"https:\/\/headway-advisory.com\/wp-content\/uploads\/2025\/06\/cropped-favicon-Headway-Advisory.png","width":260,"height":260,"caption":"HEADway Advisory"},"image":{"@id":"https:\/\/headway-advisory.com\/en\/#\/schema\/logo\/image\/"},"sameAs":["https:\/\/www.facebook.com\/headwayadvisory\/","https:\/\/www.linkedin.com\/company\/headway-advisory\/"]}]}},"_links":{"self":[{"href":"https:\/\/headway-advisory.com\/en\/wp-json\/wp\/v2\/pages\/15834","targetHints":{"allow":["GET"]}}],"collection":[{"href":"https:\/\/headway-advisory.com\/en\/wp-json\/wp\/v2\/pages"}],"about":[{"href":"https:\/\/headway-advisory.com\/en\/wp-json\/wp\/v2\/types\/page"}],"author":[{"embeddable":true,"href":"https:\/\/headway-advisory.com\/en\/wp-json\/wp\/v2\/users\/2"}],"replies":[{"embeddable":true,"href":"https:\/\/headway-advisory.com\/en\/wp-json\/wp\/v2\/comments?post=15834"}],"version-history":[{"count":0,"href":"https:\/\/headway-advisory.com\/en\/wp-json\/wp\/v2\/pages\/15834\/revisions"}],"wp:attachment":[{"href":"https:\/\/headway-advisory.com\/en\/wp-json\/wp\/v2\/media?parent=15834"}],"curies":[{"name":"wp","href":"https:\/\/api.w.org\/{rel}","templated":true}]}}