{"id":15757,"date":"2025-06-30T16:42:37","date_gmt":"2025-06-30T14:42:37","guid":{"rendered":"https:\/\/headway-advisory.com\/nuestros-compromisos-eticos-y-medioambientales\/"},"modified":"2025-11-20T19:25:35","modified_gmt":"2025-11-20T18:25:35","slug":"nuestros-compromisos-eticos-y-medioambientales","status":"publish","type":"page","link":"https:\/\/headway-advisory.com\/es\/nuestros-compromisos-eticos-y-medioambientales\/","title":{"rendered":"Nuestros compromisos \u00e9ticos y medioambientales"},"content":{"rendered":"\t\t<div data-elementor-type=\"wp-page\" data-elementor-id=\"15757\" class=\"elementor elementor-15757 elementor-9471\" data-elementor-post-type=\"page\">\n\t\t\t\t<div class=\"elementor-element elementor-element-44650a8 e-flex e-con-boxed e-con e-parent \" data-id=\"44650a8\" data-element_type=\"container\" data-e-type=\"container\">\t\t\t<div class=\"e-con-inner\">\r\n\t\t\t\t<div class=\"elementor-element elementor-element-59c1f05 elementor-widget elementor-widget-heading\" data-id=\"59c1f05\" data-element_type=\"widget\" data-e-type=\"widget\" data-widget_type=\"heading.default\">\n\t\t\t\t\t<h1 class=\"elementor-heading-title elementor-size-default\">Carta \u00e9tica de Headway Advisory<\/h1>\t\t\t\t<\/div>\n\t\t\t\t\t<\/div>\r\n\t\t\t\t<\/div>\r\n\t\t<div class=\"elementor-element elementor-element-2245a83 e-flex e-con-boxed e-con e-parent \" data-id=\"2245a83\" data-element_type=\"container\" data-e-type=\"container\">\t\t\t<div class=\"e-con-inner\">\r\n\t\t\t\t<div class=\"elementor-element elementor-element-988c973 elementor-widget elementor-widget-pxl_text_editor\" data-id=\"988c973\" data-element_type=\"widget\" data-e-type=\"widget\" data-widget_type=\"pxl_text_editor.default\">\n\t\t\t\t<div class=\"elementor-widget-container\">\n\t\t\t\t\t<div class=\"pxl-text-editor\">\n\t<div class=\"pxl-item--inner \" data-wow-delay=\"ms\">\n\t\t<h2>Protection des droits de l&#8217;Homme et droits des salari\u00e9s<\/h2><ul><li>Engagement de HEADway Advisory, de son personnel, de ses consultants et de ses experts tiers \u00e0 lutter en faveur de la d\u00e9fense de la dignit\u00e9 humaine, contre toute forme d\u2019harc\u00e8lement ou de discrimination quel qu&#8217;en soit le motif, et \u00e0 d\u00e9fendre le respect de ces principes lorsqu&#8217;ils se trouvent menac\u00e9s<\/li><li>Respect des droits sociaux fondamentaux : libert\u00e9 d\u2019association, libert\u00e9 syndicale et politiques salariale et disciplinaire appropri\u00e9es.<\/li><\/ul><h2>Protection des informations confidentielles des clients<\/h2><ul><li>Confidentialit\u00e9 des informations non publiques communiqu\u00e9es par le client (sauf si la divulgation est impos\u00e9e par la loi ou par une autorit\u00e9 administrative ou judiciaire), avec une proposition syst\u00e9matique de la signature d&#8217;un accord de confidentialit\u00e9 au d\u00e9but de chaque mission\u00a0<\/li><li>Contingentement de l&#8217;information : murailles de Chine entre les \u00e9quipes amen\u00e9es \u00e0 travailler avec des clients en concurrence directe ou indirecte, avec un secret strict gard\u00e9 au sein de l&#8217;\u00e9quipe d\u00e9di\u00e9e sur les sujets confidentiels.<\/li><\/ul><h2>Protection des donn\u00e9es personnelles<\/h2><ul><li>Respect de la r\u00e8glementation en vigueur en mati\u00e8re de protection des donn\u00e9es personnelles des collaborateurs et des clients, notamment du RGPD\u00a0<\/li><\/ul><h2><strong>Propri\u00e9t\u00e9 et diffusion des travaux du cabinet<\/strong><\/h2><ul><li>Respect du droit de propri\u00e9t\u00e9 des clients sur les livrables les concernant dans le cadre d\u00e9fini par les CGV, tout en maintenant les droits d\u2019auteur du cabinet sur le travail r\u00e9alis\u00e9 par ses consultants dans le cadre des missions (m\u00e9thodologies, formats, donn\u00e9es sur le march\u00e9, etc.)\u00a0<\/li><li>Interdiction d&#8217;utiliser les recommandations \u00e9labor\u00e9es dans le cadre d\u2019une mission, pour des missions r\u00e9alis\u00e9es pour d\u2019autres clients ou de les diffuser aupr\u00e8s de tiers\u00a0<\/li><li>Interdiction au client de diffuser les livrables \u00e0 l\u2019externe, sauf si la diffusion pr\u00e9sente un int\u00e9r\u00eat particulier pour le client, et auquel cas, il faut indiquer les droits d\u2019auteur du cabinet et sa marque dans ces livrables.<\/li><\/ul><h2><strong>Lutte contre la corruption<\/strong><\/h2><ul><li>Interdiction de corrompre ou de se faire corrompre par les repr\u00e9sentants d\u2019Etat, d\u2019organismes publics, de partis politiques, d\u2019organisations internationales, d\u2019entreprises priv\u00e9es ou toute autre partie afin d\u2019influencer ou de r\u00e9compenser une d\u00e9cision de conf\u00e9rer un avantage indu\u00a0<\/li><li>Garantie de la fiabilit\u00e9 des factures et de tous les documents relatifs aux paiements et d\u00e9penses du cabinet\u00a0<\/li><\/ul><h2><strong>Pr\u00e9vention des conflits d\u2019int\u00e9r\u00eat<\/strong><\/h2><ul><li>Refus par les collaborateurs du cabinet des cadeaux et r\u00e9tributions propos\u00e9s par les clients, sauf s\u2019il s\u2019agit d\u2019invitations aux repas d\u2019affaires, \u00e9v\u00e8nements ou d\u00e9placements professionnels\u00a0<\/li><li>Engagement \u00e0 pr\u00e9senter des recommandations objectives et d\u00e9sint\u00e9ress\u00e9es quant au choix des prestataires externes (par exemple : des \u00e9diteurs de logiciels)\u00a0<\/li><\/ul><h2><strong>Respect des droits de propri\u00e9t\u00e9 intellectuelle<\/strong><\/h2><ul><li>Respect des droits de propri\u00e9t\u00e9 intellectuelle en citant notamment les sources utilis\u00e9es dans les livrables du cabinet\u00a0<\/li><\/ul><h2><strong>Protection de l\u2019environnement<\/strong><\/h2><ul><li><strong>\u00a0<\/strong>Adoption de comportements exemplaires en mati\u00e8re de pr\u00e9servation de la plan\u00e8te et de ses ressources, ainsi que de limitation de notre empreinte carbone.<\/li><\/ul><h2><strong>Respect de nos valeurs et engagements<\/strong><\/h2><ul><li><strong>Nos engagements<\/strong><ul><li>Responsabiliser et apporter de la valeur ajout\u00e9e \u00e0 nos clients et \u00e0 toutes les parties prenantes<\/li><li>Rester attentifs aux int\u00e9r\u00eats des apprenants<\/li><li>Se consacrer au renforcement des comp\u00e9tences de tous les acteurs de l\u2019\u00e9ducation et de la recherche<\/li><li>Sensibiliser nos clients et les aider \u00e0 faire face aux d\u00e9fis soci\u00e9taux et environnementaux<\/li><li>\u00catre agiles, rigoureux et cr\u00e9atifs pour aider nos clients \u00e0 atteindre leurs objectifs<\/li><li>Adopter une approche fond\u00e9e sur les donn\u00e9es et les faits\u00a0<\/li><\/ul><\/li><\/ul><p><strong>Nos valeurs<\/strong><\/p><ul><li style=\"list-style-type: none\"><ul><li>\u00catre inclusifs, avoir une approche coll\u00e9giale et non-hi\u00e9rarchique<\/li><li>\u00c9tablir une confiance mutuelle et cultiver l\u2019esprit d\u2019\u00e9quipe \u00e0 la fois au sein du cabinet et avec nos clients<\/li><li>Promouvoir et respecter la diversit\u00e9 dans le recrutement et la conduite des projets<\/li><li>\u00catre ind\u00e9pendants, \u00e9thiques et transparents\u00a0 \u00a0\u00a0<\/li><\/ul><\/li><\/ul><div>\u00a0<\/div><hr class=\"my-5\" \/><section class=\"py-2\"><p>T\u00e9l\u00e9chargez notre charte \u00e9thique dans sa version pdf : <a href=\"https:\/\/www.yumpu.com\/fr\/document\/view\/68328587\/charte-ethique-headway-advisory\">Charte \u00e9thique &#8211; HEADway Advisory<\/a><\/p><\/section><h1><strong>Engagement soci\u00e9tal et environnemental d\u2019HEADway Advisory<\/strong><\/h1><p>Consultez nos engagements\u00a0: <a href=\"https:\/\/www.canva.com\/design\/DAGfEVSrIAU\/2DfHlpf2NBUXCKj2KkbBvg\/view?utm_content=DAGfEVSrIAU&amp;utm_campaign=designshare&amp;utm_medium=link2&amp;utm_source=uniquelinks&amp;utlId=h302fd2508f\">Charte environnementale &#8211; HEADway Advisory <\/a><\/p>\t\t\n\t<\/div>\n<\/div>\t\t\t\t<\/div>\n\t\t\t\t<\/div>\n\t\t\t\t\t<\/div>\r\n\t\t\t\t<\/div>\r\n\t\t\t\t<\/div>\n\t\t","protected":false},"excerpt":{"rendered":"<p>Carta \u00e9tica de Headway Advisory Protection des droits de l&#8217;Homme et droits des salari\u00e9s Engagement de HEADway Advisory, de son personnel, de ses consultants et de ses experts tiers \u00e0 lutter en faveur de la d\u00e9fense de la dignit\u00e9 humaine, contre toute forme d\u2019harc\u00e8lement ou de discrimination quel qu&#8217;en soit le motif, et \u00e0 d\u00e9fendre [&hellip;]<\/p>\n","protected":false},"author":2,"featured_media":0,"parent":0,"menu_order":0,"comment_status":"closed","ping_status":"closed","template":"","meta":{"_acf_changed":false,"footnotes":""},"class_list":["post-15757","page","type-page","status-publish","hentry"],"acf":[],"yoast_head":"<!-- This site is optimized with the Yoast SEO plugin v27.4 - https:\/\/yoast.com\/product\/yoast-seo-wordpress\/ -->\n<title>Nuestros compromisos \u00e9ticos y medioambientales - HEADway Advisory<\/title>\n<meta name=\"description\" content=\"Nuestros compromisos \u00e9ticos y medioambientales | HEADway Advisory. HEADway Advisory se compromete con una \u00e9tica profesional rigurosa y una responsabilidad medioambiental s\u00f3lida: respeto de los derechos humanos, confidencialidad, lucha contra la corrupci\u00f3n, protecci\u00f3n de datos y desarrollo sostenible.\" \/>\n<meta name=\"robots\" content=\"index, follow, max-snippet:-1, max-image-preview:large, max-video-preview:-1\" \/>\n<link rel=\"canonical\" href=\"https:\/\/headway-advisory.com\/es\/nuestros-compromisos-eticos-y-medioambientales\/\" \/>\n<meta property=\"og:locale\" content=\"es_ES\" \/>\n<meta property=\"og:type\" content=\"article\" \/>\n<meta property=\"og:title\" content=\"Nuestros compromisos \u00e9ticos y medioambientales - HEADway Advisory\" \/>\n<meta property=\"og:description\" content=\"Nuestros compromisos \u00e9ticos y medioambientales | HEADway Advisory. HEADway Advisory se compromete con una \u00e9tica profesional rigurosa y una responsabilidad medioambiental s\u00f3lida: respeto de los derechos humanos, confidencialidad, lucha contra la corrupci\u00f3n, protecci\u00f3n de datos y desarrollo sostenible.\" \/>\n<meta property=\"og:url\" content=\"https:\/\/headway-advisory.com\/es\/nuestros-compromisos-eticos-y-medioambientales\/\" \/>\n<meta property=\"og:site_name\" content=\"HEADway Advisory\" \/>\n<meta property=\"article:publisher\" content=\"https:\/\/www.facebook.com\/headwayadvisory\/\" \/>\n<meta property=\"article:modified_time\" content=\"2025-11-20T18:25:35+00:00\" \/>\n<meta name=\"twitter:card\" content=\"summary_large_image\" \/>\n<meta name=\"twitter:label1\" content=\"Tiempo de lectura\" \/>\n\t<meta name=\"twitter:data1\" content=\"3 minuto\" \/>\n<script type=\"application\/ld+json\" class=\"yoast-schema-graph\">{\"@context\":\"https:\\\/\\\/schema.org\",\"@graph\":[{\"@type\":\"WebPage\",\"@id\":\"https:\\\/\\\/headway-advisory.com\\\/es\\\/nuestros-compromisos-eticos-y-medioambientales\\\/\",\"url\":\"https:\\\/\\\/headway-advisory.com\\\/es\\\/nuestros-compromisos-eticos-y-medioambientales\\\/\",\"name\":\"Nuestros compromisos \u00e9ticos y medioambientales - HEADway Advisory\",\"isPartOf\":{\"@id\":\"https:\\\/\\\/headway-advisory.com\\\/es\\\/#website\"},\"datePublished\":\"2025-06-30T14:42:37+00:00\",\"dateModified\":\"2025-11-20T18:25:35+00:00\",\"description\":\"Nuestros compromisos \u00e9ticos y medioambientales | HEADway Advisory. HEADway Advisory se compromete con una \u00e9tica profesional rigurosa y una responsabilidad medioambiental s\u00f3lida: respeto de los derechos humanos, confidencialidad, lucha contra la corrupci\u00f3n, protecci\u00f3n de datos y desarrollo sostenible.\",\"breadcrumb\":{\"@id\":\"https:\\\/\\\/headway-advisory.com\\\/es\\\/nuestros-compromisos-eticos-y-medioambientales\\\/#breadcrumb\"},\"inLanguage\":\"es\",\"potentialAction\":[{\"@type\":\"ReadAction\",\"target\":[\"https:\\\/\\\/headway-advisory.com\\\/es\\\/nuestros-compromisos-eticos-y-medioambientales\\\/\"]}]},{\"@type\":\"BreadcrumbList\",\"@id\":\"https:\\\/\\\/headway-advisory.com\\\/es\\\/nuestros-compromisos-eticos-y-medioambientales\\\/#breadcrumb\",\"itemListElement\":[{\"@type\":\"ListItem\",\"position\":1,\"name\":\"Accueil\",\"item\":\"https:\\\/\\\/headway-advisory.com\\\/es\\\/\"},{\"@type\":\"ListItem\",\"position\":2,\"name\":\"Nuestros compromisos \u00e9ticos y medioambientales\"}]},{\"@type\":\"WebSite\",\"@id\":\"https:\\\/\\\/headway-advisory.com\\\/es\\\/#website\",\"url\":\"https:\\\/\\\/headway-advisory.com\\\/es\\\/\",\"name\":\"HEADway Advisory\",\"description\":\"\",\"publisher\":{\"@id\":\"https:\\\/\\\/headway-advisory.com\\\/es\\\/#organization\"},\"potentialAction\":[{\"@type\":\"SearchAction\",\"target\":{\"@type\":\"EntryPoint\",\"urlTemplate\":\"https:\\\/\\\/headway-advisory.com\\\/es\\\/?s={search_term_string}\"},\"query-input\":{\"@type\":\"PropertyValueSpecification\",\"valueRequired\":true,\"valueName\":\"search_term_string\"}}],\"inLanguage\":\"es\"},{\"@type\":\"Organization\",\"@id\":\"https:\\\/\\\/headway-advisory.com\\\/es\\\/#organization\",\"name\":\"HEADway Advisory\",\"url\":\"https:\\\/\\\/headway-advisory.com\\\/es\\\/\",\"logo\":{\"@type\":\"ImageObject\",\"inLanguage\":\"es\",\"@id\":\"https:\\\/\\\/headway-advisory.com\\\/es\\\/#\\\/schema\\\/logo\\\/image\\\/\",\"url\":\"https:\\\/\\\/headway-advisory.com\\\/wp-content\\\/uploads\\\/2025\\\/06\\\/cropped-favicon-Headway-Advisory.png\",\"contentUrl\":\"https:\\\/\\\/headway-advisory.com\\\/wp-content\\\/uploads\\\/2025\\\/06\\\/cropped-favicon-Headway-Advisory.png\",\"width\":260,\"height\":260,\"caption\":\"HEADway Advisory\"},\"image\":{\"@id\":\"https:\\\/\\\/headway-advisory.com\\\/es\\\/#\\\/schema\\\/logo\\\/image\\\/\"},\"sameAs\":[\"https:\\\/\\\/www.facebook.com\\\/headwayadvisory\\\/\",\"https:\\\/\\\/www.linkedin.com\\\/company\\\/headway-advisory\\\/\"]}]}<\/script>\n<!-- \/ Yoast SEO plugin. -->","yoast_head_json":{"title":"Nuestros compromisos \u00e9ticos y medioambientales - HEADway Advisory","description":"Nuestros compromisos \u00e9ticos y medioambientales | HEADway Advisory. HEADway Advisory se compromete con una \u00e9tica profesional rigurosa y una responsabilidad medioambiental s\u00f3lida: respeto de los derechos humanos, confidencialidad, lucha contra la corrupci\u00f3n, protecci\u00f3n de datos y desarrollo sostenible.","robots":{"index":"index","follow":"follow","max-snippet":"max-snippet:-1","max-image-preview":"max-image-preview:large","max-video-preview":"max-video-preview:-1"},"canonical":"https:\/\/headway-advisory.com\/es\/nuestros-compromisos-eticos-y-medioambientales\/","og_locale":"es_ES","og_type":"article","og_title":"Nuestros compromisos \u00e9ticos y medioambientales - HEADway Advisory","og_description":"Nuestros compromisos \u00e9ticos y medioambientales | HEADway Advisory. HEADway Advisory se compromete con una \u00e9tica profesional rigurosa y una responsabilidad medioambiental s\u00f3lida: respeto de los derechos humanos, confidencialidad, lucha contra la corrupci\u00f3n, protecci\u00f3n de datos y desarrollo sostenible.","og_url":"https:\/\/headway-advisory.com\/es\/nuestros-compromisos-eticos-y-medioambientales\/","og_site_name":"HEADway Advisory","article_publisher":"https:\/\/www.facebook.com\/headwayadvisory\/","article_modified_time":"2025-11-20T18:25:35+00:00","twitter_card":"summary_large_image","twitter_misc":{"Tiempo de lectura":"3 minuto"},"schema":{"@context":"https:\/\/schema.org","@graph":[{"@type":"WebPage","@id":"https:\/\/headway-advisory.com\/es\/nuestros-compromisos-eticos-y-medioambientales\/","url":"https:\/\/headway-advisory.com\/es\/nuestros-compromisos-eticos-y-medioambientales\/","name":"Nuestros compromisos \u00e9ticos y medioambientales - HEADway Advisory","isPartOf":{"@id":"https:\/\/headway-advisory.com\/es\/#website"},"datePublished":"2025-06-30T14:42:37+00:00","dateModified":"2025-11-20T18:25:35+00:00","description":"Nuestros compromisos \u00e9ticos y medioambientales | HEADway Advisory. HEADway Advisory se compromete con una \u00e9tica profesional rigurosa y una responsabilidad medioambiental s\u00f3lida: respeto de los derechos humanos, confidencialidad, lucha contra la corrupci\u00f3n, protecci\u00f3n de datos y desarrollo sostenible.","breadcrumb":{"@id":"https:\/\/headway-advisory.com\/es\/nuestros-compromisos-eticos-y-medioambientales\/#breadcrumb"},"inLanguage":"es","potentialAction":[{"@type":"ReadAction","target":["https:\/\/headway-advisory.com\/es\/nuestros-compromisos-eticos-y-medioambientales\/"]}]},{"@type":"BreadcrumbList","@id":"https:\/\/headway-advisory.com\/es\/nuestros-compromisos-eticos-y-medioambientales\/#breadcrumb","itemListElement":[{"@type":"ListItem","position":1,"name":"Accueil","item":"https:\/\/headway-advisory.com\/es\/"},{"@type":"ListItem","position":2,"name":"Nuestros compromisos \u00e9ticos y medioambientales"}]},{"@type":"WebSite","@id":"https:\/\/headway-advisory.com\/es\/#website","url":"https:\/\/headway-advisory.com\/es\/","name":"HEADway Advisory","description":"","publisher":{"@id":"https:\/\/headway-advisory.com\/es\/#organization"},"potentialAction":[{"@type":"SearchAction","target":{"@type":"EntryPoint","urlTemplate":"https:\/\/headway-advisory.com\/es\/?s={search_term_string}"},"query-input":{"@type":"PropertyValueSpecification","valueRequired":true,"valueName":"search_term_string"}}],"inLanguage":"es"},{"@type":"Organization","@id":"https:\/\/headway-advisory.com\/es\/#organization","name":"HEADway Advisory","url":"https:\/\/headway-advisory.com\/es\/","logo":{"@type":"ImageObject","inLanguage":"es","@id":"https:\/\/headway-advisory.com\/es\/#\/schema\/logo\/image\/","url":"https:\/\/headway-advisory.com\/wp-content\/uploads\/2025\/06\/cropped-favicon-Headway-Advisory.png","contentUrl":"https:\/\/headway-advisory.com\/wp-content\/uploads\/2025\/06\/cropped-favicon-Headway-Advisory.png","width":260,"height":260,"caption":"HEADway Advisory"},"image":{"@id":"https:\/\/headway-advisory.com\/es\/#\/schema\/logo\/image\/"},"sameAs":["https:\/\/www.facebook.com\/headwayadvisory\/","https:\/\/www.linkedin.com\/company\/headway-advisory\/"]}]}},"_links":{"self":[{"href":"https:\/\/headway-advisory.com\/es\/wp-json\/wp\/v2\/pages\/15757","targetHints":{"allow":["GET"]}}],"collection":[{"href":"https:\/\/headway-advisory.com\/es\/wp-json\/wp\/v2\/pages"}],"about":[{"href":"https:\/\/headway-advisory.com\/es\/wp-json\/wp\/v2\/types\/page"}],"author":[{"embeddable":true,"href":"https:\/\/headway-advisory.com\/es\/wp-json\/wp\/v2\/users\/2"}],"replies":[{"embeddable":true,"href":"https:\/\/headway-advisory.com\/es\/wp-json\/wp\/v2\/comments?post=15757"}],"version-history":[{"count":0,"href":"https:\/\/headway-advisory.com\/es\/wp-json\/wp\/v2\/pages\/15757\/revisions"}],"wp:attachment":[{"href":"https:\/\/headway-advisory.com\/es\/wp-json\/wp\/v2\/media?parent=15757"}],"curies":[{"name":"wp","href":"https:\/\/api.w.org\/{rel}","templated":true}]}}