{"id":15779,"date":"2025-07-25T08:42:13","date_gmt":"2025-07-25T06:42:13","guid":{"rendered":"https:\/\/headway-advisory.com\/valores-y-compromisos\/"},"modified":"2025-12-04T16:45:04","modified_gmt":"2025-12-04T15:45:04","slug":"valores-y-compromisos","status":"publish","type":"page","link":"https:\/\/headway-advisory.com\/es\/valores-y-compromisos\/","title":{"rendered":"Valores y compromisos"},"content":{"rendered":"\t\t<div data-elementor-type=\"wp-page\" data-elementor-id=\"15779\" class=\"elementor elementor-15779 elementor-9942\" data-elementor-post-type=\"page\">\n\t\t\t\t<div class=\"elementor-element elementor-element-c80eaa9 e-flex e-con-boxed e-con e-parent \" data-id=\"c80eaa9\" data-element_type=\"container\" data-e-type=\"container\">\t\t\t<div class=\"e-con-inner\">\r\n\t\t\t\t<div class=\"elementor-element elementor-element-62e4015 elementor-widget elementor-widget-pxl_heading\" data-id=\"62e4015\" data-element_type=\"widget\" data-e-type=\"widget\" data-widget_type=\"pxl_heading.default\">\n\t\t\t\t<div class=\"elementor-widget-container\">\n\t\t\t\t\t\n<div id=\"pxl-pxl_heading-62e4015-5725\" class=\"pxl-heading px-sub-title-default-style  \">\n\t<div class=\"pxl-heading--inner\">\n\t\t\t\t\t<div class=\"pxl-item--subtitle px-sub-title-default  pxl-subtitle-dot\" data-wow-delay=\"ms\">\n\t\t\t\t<span class=\"pxl-item--subtext\">\n\t\t\t\t\t\t\t\t\t\t\t<span class=\"dot dot-left\"><\/span>\n\t\t\t\t\t\t\n\t\t\t\t\t\t\t\t\t\t\t\n\t\t\t\t\t\t\t\t\t\t\t\t\t\t\t\tAsesoramiento estrat\u00e9gico basado en la exigencia, la \u00e9tica y el impacto, al servicio de la educaci\u00f3n y la investigaci\u00f3n.\t\t\t\t\t\t\n\t\t\t\t\t\t\t\t\t\t\t<span class=\"dot dot-right\"><\/span>\n\t\t\t\t\t\t\t\t\t\t\t\t\n\t\t\t\t<\/span>\n\t\t\t<\/div>\n\t\t\n\t\t<h1 class=\"pxl-item--title divider-none  \" data-wow-delay=\"ms\">\n\t\t\t\t\tLo que nos gu\u00eda, lo que nos             <span class=\"pxl-title--line\">\n                <span class=\"pxl-item--text active\">compromete<\/span><span class=\"pxl-item--after\"><\/span>            <\/span>\n         \t\n\t\t\t\n\t\t<\/h1>\n\n\t<\/div>\n<\/div>\t\t\t\t<\/div>\n\t\t\t\t<\/div>\n\t\t\t\t<div class=\"elementor-element elementor-element-ce175a1 elementor-widget elementor-widget-pxl_text_editor\" data-id=\"ce175a1\" data-element_type=\"widget\" data-e-type=\"widget\" data-widget_type=\"pxl_text_editor.default\">\n\t\t\t\t<div class=\"elementor-widget-container\">\n\t\t\t\t\t<div class=\"pxl-text-editor\">\n\t<div class=\"pxl-item--inner \" data-wow-delay=\"ms\">\n\t\t<p>En HEADway Advisory, situamos la responsabilidad en el centro de nuestra pr\u00e1ctica de consultor\u00eda.<br \/>Nuestro c\u00f3digo \u00e9tico rige nuestras intervenciones con rigor, confidencialidad e integridad.<br \/>Nuestro compromiso medioambiental forma parte de un enfoque de mejora continua para limitar nuestro impacto y promover pr\u00e1cticas sostenibles. <br \/>Por \u00faltimo, aplicamos estrictamente el Reglamento General de Protecci\u00f3n de Datos (RGPD) para garantizar la seguridad y la transparencia en el tratamiento de la informaci\u00f3n de nuestros clientes y socios.<\/p>\t\t\n\t<\/div>\n<\/div>\t\t\t\t<\/div>\n\t\t\t\t<\/div>\n\t\t\t\t\t<\/div>\r\n\t\t\t\t<\/div>\r\n\t\t        <section class=\"elementor-section elementor-top-section elementor-element elementor-element-e1ad03a elementor-section-stretched elementor-section-boxed elementor-section-height-default elementor-section-height-default pxl-row-scroll-none pxl-bg-color-none pxl-section-overlay-none pxl-column-overflow-hidden-no\" data-id=\"e1ad03a\" data-element_type=\"section\" data-e-type=\"section\" data-settings=\"{&quot;stretch_section&quot;:&quot;section-stretched&quot;,&quot;background_background&quot;:&quot;classic&quot;}\">\n\n                \n                <div class=\"elementor-container elementor-column-gap-wide \">\n                <div class=\"elementor-column elementor-col-50 elementor-top-column elementor-element elementor-element-6ad5bed5 pxl-column-none pxl-section-offset-none pxl-particle-background-none\" data-id=\"6ad5bed5\" data-element_type=\"column\" data-e-type=\"column\">\r\n        <div class=\"elementor-widget-wrap elementor-element-populated\">\r\n                     \r\n        \t\t<div class=\"elementor-element elementor-element-2da2ac69 elementor-widget elementor-widget-pxl_heading\" data-id=\"2da2ac69\" data-element_type=\"widget\" data-e-type=\"widget\" data-widget_type=\"pxl_heading.default\">\n\t\t\t\t<div class=\"elementor-widget-container\">\n\t\t\t\t\t\n<div id=\"pxl-pxl_heading-2da2ac69-6452\" class=\"pxl-heading px-sub-title-default-style  \">\n\t<div class=\"pxl-heading--inner\">\n\t\t\t\t\t<div class=\"pxl-item--subtitle px-sub-title-default  \" data-wow-delay=\"ms\">\n\t\t\t\t<span class=\"pxl-item--subtext\">\n\t\t\t\t\t\t\n\t\t\t\t\t\t\t\t\t\t\t\n\t\t\t\t\t\t\t\t\t\t\t\t\t\t\t\tValores y compromisos\t\t\t\t\t\t\n\t\t\t\t\t\t\t\t\t\t\t\t\n\t\t\t\t<\/span>\n\t\t\t<\/div>\n\t\t\n\t\t<h2 class=\"pxl-item--title divider-none  \" data-wow-delay=\"ms\">\n\t\t\t\t\tNuestros valores\t\n\t\t\t\n\t\t<\/h2>\n\n\t<\/div>\n<\/div>\t\t\t\t<\/div>\n\t\t\t\t<\/div>\n\t\t\t\t<div class=\"elementor-element elementor-element-37d35b5c elementor-widget elementor-widget-pxl_history\" data-id=\"37d35b5c\" data-element_type=\"widget\" data-e-type=\"widget\" data-widget_type=\"pxl_history.default\">\n\t\t\t\t<div class=\"elementor-widget-container\">\n\t\t\t\t\t<div class=\"pxl-history\">\r\n            <div class=\"pxl-history-2\">\r\n                                <div class=\"wrap-content wow fadeInUp\" data-wow-delay=\"ms\">\r\n                <div class=\"icon\">\r\n                    <span>1<\/span>                    <\/div>\r\n                    <div class=\"box-1\">\r\n                        <h7 class=\"title\">Inclusividad<\/h7>\r\n                        <div class=\"desc\">Ser inclusivos, adoptar un enfoque colegiado y no jer\u00e1rquico.\n<\/div>\r\n                    <\/div>\r\n                <\/div>\r\n                                    <div class=\"wrap-content wow fadeInUp\" data-wow-delay=\"ms\">\r\n                <div class=\"icon\">\r\n                    <span>2<\/span>                    <\/div>\r\n                    <div class=\"box-1\">\r\n                        <h7 class=\"title\">Confianza<\/h7>\r\n                        <div class=\"desc\">Establecer una confianza mutua y cultivar el esp\u00edritu de equipo tanto dentro del bufete como con nuestros clientes.\n<\/div>\r\n                    <\/div>\r\n                <\/div>\r\n                                    <div class=\"wrap-content wow fadeInUp\" data-wow-delay=\"ms\">\r\n                <div class=\"icon\">\r\n                    <span>3<\/span>                    <\/div>\r\n                    <div class=\"box-1\">\r\n                        <h7 class=\"title\">Diversidad<\/h7>\r\n                        <div class=\"desc\">Promover y respetar la diversidad en la contrataci\u00f3n y la gesti\u00f3n de proyectos.<\/div>\r\n                    <\/div>\r\n                <\/div>\r\n                                    <div class=\"wrap-content wow fadeInUp\" data-wow-delay=\"ms\">\r\n                <div class=\"icon\">\r\n                    <span>4<\/span>                    <\/div>\r\n                    <div class=\"box-1\">\r\n                        <h7 class=\"title\">Independencia<\/h7>\r\n                        <div class=\"desc\">Ser independientes, \u00e9ticos y transparentes.<\/div>\r\n                    <\/div>\r\n                <\/div>\r\n                    <\/div>\r\n    <\/div> \t\t\t\t<\/div>\n\t\t\t\t<\/div>\n\t\t            <\/div>\r\n        <\/div>\r\n                <div class=\"elementor-column elementor-col-50 elementor-top-column elementor-element elementor-element-0818a45 pxl-column-none pxl-section-offset-none pxl-particle-background-none\" data-id=\"0818a45\" data-element_type=\"column\" data-e-type=\"column\">\r\n        <div class=\"elementor-widget-wrap elementor-element-populated\">\r\n                     \r\n        \t\t<div class=\"elementor-element elementor-element-c211b55 elementor-widget elementor-widget-pxl_heading\" data-id=\"c211b55\" data-element_type=\"widget\" data-e-type=\"widget\" data-widget_type=\"pxl_heading.default\">\n\t\t\t\t<div class=\"elementor-widget-container\">\n\t\t\t\t\t\n<div id=\"pxl-pxl_heading-c211b55-7390\" class=\"pxl-heading px-sub-title-default-style  \">\n\t<div class=\"pxl-heading--inner\">\n\t\t\t\t\t<div class=\"pxl-item--subtitle px-sub-title-default  \" data-wow-delay=\"ms\">\n\t\t\t\t<span class=\"pxl-item--subtext\">\n\t\t\t\t\t\t\n\t\t\t\t\t\t\t\t\t\t\t\n\t\t\t\t\t\t\t\t\t\t\t\t\t\t\t\tValores y compromisos\t\t\t\t\t\t\n\t\t\t\t\t\t\t\t\t\t\t\t\n\t\t\t\t<\/span>\n\t\t\t<\/div>\n\t\t\n\t\t<h2 class=\"pxl-item--title divider-none  \" data-wow-delay=\"ms\">\n\t\t\t\t\tNuestros compromisos\t\n\t\t\t\n\t\t<\/h2>\n\n\t<\/div>\n<\/div>\t\t\t\t<\/div>\n\t\t\t\t<\/div>\n\t\t\t\t<div class=\"elementor-element elementor-element-eedf51b elementor-widget elementor-widget-pxl_history\" data-id=\"eedf51b\" data-element_type=\"widget\" data-e-type=\"widget\" data-widget_type=\"pxl_history.default\">\n\t\t\t\t<div class=\"elementor-widget-container\">\n\t\t\t\t\t<div class=\"pxl-history\">\r\n            <div class=\"pxl-history-2\">\r\n                                <div class=\"wrap-content wow fadeInUp\" data-wow-delay=\"ms\">\r\n                <div class=\"icon\">\r\n                    <span>1<\/span>                    <\/div>\r\n                    <div class=\"box-1\">\r\n                        <h7 class=\"title\">Valor a\u00f1adido<\/h7>\r\n                        <div class=\"desc\">Responsabilizar y aportar valor a\u00f1adido a nuestros clientes y a todas las partes interesadas.\n<\/div>\r\n                    <\/div>\r\n                <\/div>\r\n                                    <div class=\"wrap-content wow fadeInUp\" data-wow-delay=\"ms\">\r\n                <div class=\"icon\">\r\n                    <span>2<\/span>                    <\/div>\r\n                    <div class=\"box-1\">\r\n                        <h7 class=\"title\">Escucha<\/h7>\r\n                        <div class=\"desc\">Prestar atenci\u00f3n a los intereses de los alumnos.\n<\/div>\r\n                    <\/div>\r\n                <\/div>\r\n                                    <div class=\"wrap-content wow fadeInUp\" data-wow-delay=\"ms\">\r\n                <div class=\"icon\">\r\n                    <span>3<\/span>                    <\/div>\r\n                    <div class=\"box-1\">\r\n                        <h7 class=\"title\">Fortalecimiento de competencias<\/h7>\r\n                        <div class=\"desc\">Dedicarse al fortalecimiento de las competencias de todos los actores de la educaci\u00f3n y la investigaci\u00f3n.\n<\/div>\r\n                    <\/div>\r\n                <\/div>\r\n                                    <div class=\"wrap-content wow fadeInUp\" data-wow-delay=\"ms\">\r\n                <div class=\"icon\">\r\n                    <span>4<\/span>                    <\/div>\r\n                    <div class=\"box-1\">\r\n                        <h7 class=\"title\">Sensibilizaci\u00f3n<\/h7>\r\n                        <div class=\"desc\">Sensibilizar a nuestros clientes sobre los retos sociales y ayudarles a afrontarlos.\n<\/div>\r\n                    <\/div>\r\n                <\/div>\r\n                                    <div class=\"wrap-content wow fadeInUp\" data-wow-delay=\"ms\">\r\n                <div class=\"icon\">\r\n                    <span>5<\/span>                    <\/div>\r\n                    <div class=\"box-1\">\r\n                        <h7 class=\"title\">Diversidad<\/h7>\r\n                        <div class=\"desc\">Promover la diversidad en la contrataci\u00f3n de personal y la gesti\u00f3n de proyectos.<\/div>\r\n                    <\/div>\r\n                <\/div>\r\n                                    <div class=\"wrap-content wow fadeInUp\" data-wow-delay=\"ms\">\r\n                <div class=\"icon\">\r\n                    <span>6<\/span>                    <\/div>\r\n                    <div class=\"box-1\">\r\n                        <h7 class=\"title\">Agilidad\n\n<\/h7>\r\n                        <div class=\"desc\">Ser \u00e1giles, rigurosos y creativos para ayudar a nuestros clientes a alcanzar sus objetivos.\n\n<\/div>\r\n                    <\/div>\r\n                <\/div>\r\n                                    <div class=\"wrap-content wow fadeInUp\" data-wow-delay=\"ms\">\r\n                <div class=\"icon\">\r\n                    <span>7<\/span>                    <\/div>\r\n                    <div class=\"box-1\">\r\n                        <h7 class=\"title\">F\u00e1ctico<\/h7>\r\n                        <div class=\"desc\">Adoptar un enfoque basado en datos y hechos<\/div>\r\n                    <\/div>\r\n                <\/div>\r\n                    <\/div>\r\n    <\/div> \t\t\t\t<\/div>\n\t\t\t\t<\/div>\n\t\t            <\/div>\r\n        <\/div>\r\n        \t\t\t<\/div>\n\t\t<\/section>\n\t\t<div class=\"elementor-element elementor-element-9202e48 e-flex e-con-boxed e-con e-parent \" data-id=\"9202e48\" data-element_type=\"container\" data-e-type=\"container\">\t\t\t<div class=\"e-con-inner\">\r\n\t\t\t\t\t<\/div>\r\n\t\t\t\t<\/div>\r\n\t\t\t\t<\/div>\n\t\t","protected":false},"excerpt":{"rendered":"<p>Asesoramiento estrat\u00e9gico basado en la exigencia, la \u00e9tica y el impacto, al servicio de la educaci\u00f3n y la investigaci\u00f3n. Lo que nos gu\u00eda, lo que nos compromete En HEADway Advisory, situamos la responsabilidad en el centro de nuestra pr\u00e1ctica de consultor\u00eda.Nuestro c\u00f3digo \u00e9tico rige nuestras intervenciones con rigor, confidencialidad e integridad.Nuestro compromiso medioambiental forma parte [&hellip;]<\/p>\n","protected":false},"author":2,"featured_media":0,"parent":0,"menu_order":0,"comment_status":"closed","ping_status":"closed","template":"","meta":{"_acf_changed":false,"footnotes":""},"class_list":["post-15779","page","type-page","status-publish","hentry"],"acf":[],"yoast_head":"<!-- This site is optimized with the Yoast SEO plugin v27.4 - https:\/\/yoast.com\/product\/yoast-seo-wordpress\/ -->\n<title>Valores y compromisos - HEADway Advisory<\/title>\n<meta name=\"description\" content=\"Nuestros valores y compromisos. Descubra los valores y compromisos de HEADway Advisory: inclusi\u00f3n, \u00e9tica, impacto, responsabilidad medioambiental y respeto de los datos. Un asesoramiento estrat\u00e9gico comprometido con la ense\u00f1anza superior y la investigaci\u00f3n.\" \/>\n<meta name=\"robots\" content=\"index, follow, max-snippet:-1, max-image-preview:large, max-video-preview:-1\" \/>\n<link rel=\"canonical\" href=\"https:\/\/headway-advisory.com\/es\/valores-y-compromisos\/\" \/>\n<meta property=\"og:locale\" content=\"es_ES\" \/>\n<meta property=\"og:type\" content=\"article\" \/>\n<meta property=\"og:title\" content=\"Valores y compromisos - HEADway Advisory\" \/>\n<meta property=\"og:description\" content=\"Nuestros valores y compromisos. Descubra los valores y compromisos de HEADway Advisory: inclusi\u00f3n, \u00e9tica, impacto, responsabilidad medioambiental y respeto de los datos. Un asesoramiento estrat\u00e9gico comprometido con la ense\u00f1anza superior y la investigaci\u00f3n.\" \/>\n<meta property=\"og:url\" content=\"https:\/\/headway-advisory.com\/es\/valores-y-compromisos\/\" \/>\n<meta property=\"og:site_name\" content=\"HEADway Advisory\" \/>\n<meta property=\"article:publisher\" content=\"https:\/\/www.facebook.com\/headwayadvisory\/\" \/>\n<meta property=\"article:modified_time\" content=\"2025-12-04T15:45:04+00:00\" \/>\n<meta name=\"twitter:card\" content=\"summary_large_image\" \/>\n<meta name=\"twitter:label1\" content=\"Tiempo de lectura\" \/>\n\t<meta name=\"twitter:data1\" content=\"2 minuto\" \/>\n<script type=\"application\/ld+json\" class=\"yoast-schema-graph\">{\"@context\":\"https:\\\/\\\/schema.org\",\"@graph\":[{\"@type\":\"WebPage\",\"@id\":\"https:\\\/\\\/headway-advisory.com\\\/es\\\/valores-y-compromisos\\\/\",\"url\":\"https:\\\/\\\/headway-advisory.com\\\/es\\\/valores-y-compromisos\\\/\",\"name\":\"Valores y compromisos - HEADway Advisory\",\"isPartOf\":{\"@id\":\"https:\\\/\\\/headway-advisory.com\\\/es\\\/#website\"},\"datePublished\":\"2025-07-25T06:42:13+00:00\",\"dateModified\":\"2025-12-04T15:45:04+00:00\",\"description\":\"Nuestros valores y compromisos. Descubra los valores y compromisos de HEADway Advisory: inclusi\u00f3n, \u00e9tica, impacto, responsabilidad medioambiental y respeto de los datos. Un asesoramiento estrat\u00e9gico comprometido con la ense\u00f1anza superior y la investigaci\u00f3n.\",\"breadcrumb\":{\"@id\":\"https:\\\/\\\/headway-advisory.com\\\/es\\\/valores-y-compromisos\\\/#breadcrumb\"},\"inLanguage\":\"es\",\"potentialAction\":[{\"@type\":\"ReadAction\",\"target\":[\"https:\\\/\\\/headway-advisory.com\\\/es\\\/valores-y-compromisos\\\/\"]}]},{\"@type\":\"BreadcrumbList\",\"@id\":\"https:\\\/\\\/headway-advisory.com\\\/es\\\/valores-y-compromisos\\\/#breadcrumb\",\"itemListElement\":[{\"@type\":\"ListItem\",\"position\":1,\"name\":\"Accueil\",\"item\":\"https:\\\/\\\/headway-advisory.com\\\/es\\\/\"},{\"@type\":\"ListItem\",\"position\":2,\"name\":\"Valores y compromisos\"}]},{\"@type\":\"WebSite\",\"@id\":\"https:\\\/\\\/headway-advisory.com\\\/es\\\/#website\",\"url\":\"https:\\\/\\\/headway-advisory.com\\\/es\\\/\",\"name\":\"HEADway Advisory\",\"description\":\"\",\"publisher\":{\"@id\":\"https:\\\/\\\/headway-advisory.com\\\/es\\\/#organization\"},\"potentialAction\":[{\"@type\":\"SearchAction\",\"target\":{\"@type\":\"EntryPoint\",\"urlTemplate\":\"https:\\\/\\\/headway-advisory.com\\\/es\\\/?s={search_term_string}\"},\"query-input\":{\"@type\":\"PropertyValueSpecification\",\"valueRequired\":true,\"valueName\":\"search_term_string\"}}],\"inLanguage\":\"es\"},{\"@type\":\"Organization\",\"@id\":\"https:\\\/\\\/headway-advisory.com\\\/es\\\/#organization\",\"name\":\"HEADway Advisory\",\"url\":\"https:\\\/\\\/headway-advisory.com\\\/es\\\/\",\"logo\":{\"@type\":\"ImageObject\",\"inLanguage\":\"es\",\"@id\":\"https:\\\/\\\/headway-advisory.com\\\/es\\\/#\\\/schema\\\/logo\\\/image\\\/\",\"url\":\"https:\\\/\\\/headway-advisory.com\\\/wp-content\\\/uploads\\\/2025\\\/06\\\/cropped-favicon-Headway-Advisory.png\",\"contentUrl\":\"https:\\\/\\\/headway-advisory.com\\\/wp-content\\\/uploads\\\/2025\\\/06\\\/cropped-favicon-Headway-Advisory.png\",\"width\":260,\"height\":260,\"caption\":\"HEADway Advisory\"},\"image\":{\"@id\":\"https:\\\/\\\/headway-advisory.com\\\/es\\\/#\\\/schema\\\/logo\\\/image\\\/\"},\"sameAs\":[\"https:\\\/\\\/www.facebook.com\\\/headwayadvisory\\\/\",\"https:\\\/\\\/www.linkedin.com\\\/company\\\/headway-advisory\\\/\"]}]}<\/script>\n<!-- \/ Yoast SEO plugin. -->","yoast_head_json":{"title":"Valores y compromisos - HEADway Advisory","description":"Nuestros valores y compromisos. Descubra los valores y compromisos de HEADway Advisory: inclusi\u00f3n, \u00e9tica, impacto, responsabilidad medioambiental y respeto de los datos. Un asesoramiento estrat\u00e9gico comprometido con la ense\u00f1anza superior y la investigaci\u00f3n.","robots":{"index":"index","follow":"follow","max-snippet":"max-snippet:-1","max-image-preview":"max-image-preview:large","max-video-preview":"max-video-preview:-1"},"canonical":"https:\/\/headway-advisory.com\/es\/valores-y-compromisos\/","og_locale":"es_ES","og_type":"article","og_title":"Valores y compromisos - HEADway Advisory","og_description":"Nuestros valores y compromisos. Descubra los valores y compromisos de HEADway Advisory: inclusi\u00f3n, \u00e9tica, impacto, responsabilidad medioambiental y respeto de los datos. Un asesoramiento estrat\u00e9gico comprometido con la ense\u00f1anza superior y la investigaci\u00f3n.","og_url":"https:\/\/headway-advisory.com\/es\/valores-y-compromisos\/","og_site_name":"HEADway Advisory","article_publisher":"https:\/\/www.facebook.com\/headwayadvisory\/","article_modified_time":"2025-12-04T15:45:04+00:00","twitter_card":"summary_large_image","twitter_misc":{"Tiempo de lectura":"2 minuto"},"schema":{"@context":"https:\/\/schema.org","@graph":[{"@type":"WebPage","@id":"https:\/\/headway-advisory.com\/es\/valores-y-compromisos\/","url":"https:\/\/headway-advisory.com\/es\/valores-y-compromisos\/","name":"Valores y compromisos - HEADway Advisory","isPartOf":{"@id":"https:\/\/headway-advisory.com\/es\/#website"},"datePublished":"2025-07-25T06:42:13+00:00","dateModified":"2025-12-04T15:45:04+00:00","description":"Nuestros valores y compromisos. Descubra los valores y compromisos de HEADway Advisory: inclusi\u00f3n, \u00e9tica, impacto, responsabilidad medioambiental y respeto de los datos. Un asesoramiento estrat\u00e9gico comprometido con la ense\u00f1anza superior y la investigaci\u00f3n.","breadcrumb":{"@id":"https:\/\/headway-advisory.com\/es\/valores-y-compromisos\/#breadcrumb"},"inLanguage":"es","potentialAction":[{"@type":"ReadAction","target":["https:\/\/headway-advisory.com\/es\/valores-y-compromisos\/"]}]},{"@type":"BreadcrumbList","@id":"https:\/\/headway-advisory.com\/es\/valores-y-compromisos\/#breadcrumb","itemListElement":[{"@type":"ListItem","position":1,"name":"Accueil","item":"https:\/\/headway-advisory.com\/es\/"},{"@type":"ListItem","position":2,"name":"Valores y compromisos"}]},{"@type":"WebSite","@id":"https:\/\/headway-advisory.com\/es\/#website","url":"https:\/\/headway-advisory.com\/es\/","name":"HEADway Advisory","description":"","publisher":{"@id":"https:\/\/headway-advisory.com\/es\/#organization"},"potentialAction":[{"@type":"SearchAction","target":{"@type":"EntryPoint","urlTemplate":"https:\/\/headway-advisory.com\/es\/?s={search_term_string}"},"query-input":{"@type":"PropertyValueSpecification","valueRequired":true,"valueName":"search_term_string"}}],"inLanguage":"es"},{"@type":"Organization","@id":"https:\/\/headway-advisory.com\/es\/#organization","name":"HEADway Advisory","url":"https:\/\/headway-advisory.com\/es\/","logo":{"@type":"ImageObject","inLanguage":"es","@id":"https:\/\/headway-advisory.com\/es\/#\/schema\/logo\/image\/","url":"https:\/\/headway-advisory.com\/wp-content\/uploads\/2025\/06\/cropped-favicon-Headway-Advisory.png","contentUrl":"https:\/\/headway-advisory.com\/wp-content\/uploads\/2025\/06\/cropped-favicon-Headway-Advisory.png","width":260,"height":260,"caption":"HEADway Advisory"},"image":{"@id":"https:\/\/headway-advisory.com\/es\/#\/schema\/logo\/image\/"},"sameAs":["https:\/\/www.facebook.com\/headwayadvisory\/","https:\/\/www.linkedin.com\/company\/headway-advisory\/"]}]}},"_links":{"self":[{"href":"https:\/\/headway-advisory.com\/es\/wp-json\/wp\/v2\/pages\/15779","targetHints":{"allow":["GET"]}}],"collection":[{"href":"https:\/\/headway-advisory.com\/es\/wp-json\/wp\/v2\/pages"}],"about":[{"href":"https:\/\/headway-advisory.com\/es\/wp-json\/wp\/v2\/types\/page"}],"author":[{"embeddable":true,"href":"https:\/\/headway-advisory.com\/es\/wp-json\/wp\/v2\/users\/2"}],"replies":[{"embeddable":true,"href":"https:\/\/headway-advisory.com\/es\/wp-json\/wp\/v2\/comments?post=15779"}],"version-history":[{"count":0,"href":"https:\/\/headway-advisory.com\/es\/wp-json\/wp\/v2\/pages\/15779\/revisions"}],"wp:attachment":[{"href":"https:\/\/headway-advisory.com\/es\/wp-json\/wp\/v2\/media?parent=15779"}],"curies":[{"name":"wp","href":"https:\/\/api.w.org\/{rel}","templated":true}]}}