{"id":15828,"date":"2025-06-30T16:28:34","date_gmt":"2025-06-30T14:28:34","guid":{"rendered":"https:\/\/headway-advisory.com\/rgpd\/"},"modified":"2025-11-20T19:30:22","modified_gmt":"2025-11-20T18:30:22","slug":"rgpd","status":"publish","type":"page","link":"https:\/\/headway-advisory.com\/es\/rgpd\/","title":{"rendered":"RGPD"},"content":{"rendered":"\t\t<div data-elementor-type=\"wp-page\" data-elementor-id=\"15828\" class=\"elementor elementor-15828 elementor-9451\" data-elementor-post-type=\"page\">\n\t\t\t\t<div class=\"elementor-element elementor-element-fb3c2b4 e-flex e-con-boxed e-con e-parent \" data-id=\"fb3c2b4\" data-element_type=\"container\" data-e-type=\"container\">\t\t\t<div class=\"e-con-inner\">\r\n\t\t\t\t<div class=\"elementor-element elementor-element-9ccb627 elementor-widget elementor-widget-heading\" data-id=\"9ccb627\" data-element_type=\"widget\" data-e-type=\"widget\" data-widget_type=\"heading.default\">\n\t\t\t\t\t<h1 class=\"elementor-heading-title elementor-size-default\">Higher Education Advisory - RGPD<\/h1>\t\t\t\t<\/div>\n\t\t\t\t<div class=\"elementor-element elementor-element-efb5e86 elementor-widget elementor-widget-pxl_text_editor\" data-id=\"efb5e86\" data-element_type=\"widget\" data-e-type=\"widget\" data-widget_type=\"pxl_text_editor.default\">\n\t\t\t\t<div class=\"elementor-widget-container\">\n\t\t\t\t\t<div class=\"pxl-text-editor\">\n\t<div class=\"pxl-item--inner \" data-wow-delay=\"ms\">\n\t\t<h2>1. Collecte de l\u2019information<\/h2><p>Nous recueillons vos informations lorsque vous vous abonnez \u00e0 la lettre d\u2019information l\u2019Essentiel du Sup. Les informations recueillies incluent votre civilit\u00e9, pr\u00e9nom et nom, votre adresse e-mail, votre \u00e9tablissement (ainsi que l\u2019adresse, code postal, ville de celui-ci), votre num\u00e9ro de t\u00e9l\u00e9phone.<\/p><p>Lorsque nous \u00e9tablissons un contrat de services pour des prestations de conseil, nous r\u00e9coltons et conservons les donn\u00e9es des personnes avec lesquelles le contrat a \u00e9t\u00e9 conclu et avec lesquelles nous travaillons. Ces donn\u00e9es sont conserv\u00e9es par la suite pour la continuit\u00e9 des relations commerciales et interpersonnelles.<\/p><p>Sur le site headway-people.com, nous enregistrons les donn\u00e9es personnelles suivantes :<\/p><ul><li>Lorsque vous postulez \u00e0 une offre : Civilit\u00e9, nom, pr\u00e9nom, email, t\u00e9l\u00e9phone, adresse postale, dernier dipl\u00f4me, Profil LinkedIn, Blog ou site (optionnel)<\/li><li>Lorsque vous nous contactez pour un projet de recrutement : nom, pr\u00e9nom, fonction, \u00e9tablissement, email, t\u00e9l\u00e9phone<\/li><\/ul><p>Dans le cadre de l\u2019activit\u00e9 HEADway People, nous sommes amen\u00e9s \u00e0 r\u00e9colter les CV des candidats. Les CV comprennent g\u00e9n\u00e9ralement le contact du candidat, son adresse, son Nom et Pr\u00e9nom, son statut de permis, son exp\u00e9rience professionnelle et ses activit\u00e9s, son parcours de formation, et d\u2019autres donn\u00e9es d\u00e9pendamment des candidats. Nous sommes amen\u00e9s \u00e0 conserver ces donn\u00e9es pour proposer \u00e9ventuellement les candidats lors de futures missions de recrutement. En revanche, ces donn\u00e9es ne sont utilis\u00e9es que dans ce cadre et ne sont pas revendues ou c\u00e9d\u00e9es \u00e0 des tiers. Nous pouvons \u00eatre amen\u00e9s \u00e0 collecter des donn\u00e9es personnelles lors de l\u2019administration d\u2019enqu\u00eates et de sondages pour nos clients : nom, pr\u00e9nom, \u00e2ge, email notamment. En outre, nous recevons et enregistrons automatiquement des informations \u00e0 partir de votre ordinateur et navigateur, y compris votre adresse IP, vos logiciels et votre mat\u00e9riel, et la page que vous visitez.<\/p><div><h2>2. Utilisation des informations<\/h2><p>Toutes les informations que nous recueillons aupr\u00e8s de vous peuvent \u00eatre utilis\u00e9es pour :<\/p><ul><li>Envoyer la lettre hebdomadaire de l\u2019Essentiel du Sup et l\u2019ensemble de nos documents d\u2019information<\/li><li>Suivre les recrutements, trouver des candidats, r\u00e9pondre \u00e0 vos besoins de chasse de t\u00eate dans le cadre de l\u2019activit\u00e9 HEADway People<\/li><li>Am\u00e9liorer le service client et vos besoins de prise en charge<\/li><li>Vous contacter par e-mail<\/li><li>Administrer un concours, une promotion, ou une enqu\u00eate et traiter ses r\u00e9sultats<\/li><li>Proposer des \u00e9v\u00e8nements, des produits ou des services<\/li><\/ul><\/div><div><h2>3. Confidentialit\u00e9 du commerce en ligne<\/h2><p>Nous sommes les seuls propri\u00e9taires des informations recueillies sur ce site. Vos informations personnelles ne seront pas vendues, \u00e9chang\u00e9es, transf\u00e9r\u00e9es, ou donn\u00e9es \u00e0 une autre soci\u00e9t\u00e9 pour n\u2019importe quelle raison, sans votre consentement, en dehors de ce qui est n\u00e9cessaire pour r\u00e9pondre \u00e0 une demande et \/ ou une transaction, comme par exemple pour exp\u00e9dier une commande (ex : envoi hebdomadaire de l\u2019essentiel du Sup).<\/p><h2>4. Divulgation \u00e0 des tiers<\/h2><p>Nous ne vendons, n\u2019\u00e9changeons et ne transf\u00e9rons pas vos informations personnelles identifiables \u00e0 des tiers. Cela ne comprend pas les tierce parties de confiance qui nous aident \u00e0 exploiter notre site Web ou \u00e0 mener nos affaires, tant que ces parties conviennent de garder ces informations confidentielles. Nous pensons qu\u2019il est n\u00e9cessaire de partager des informations afin d\u2019enqu\u00eater, de pr\u00e9venir ou de prendre des mesures concernant des activit\u00e9s ill\u00e9gales, fraudes pr\u00e9sum\u00e9es, situations impliquant des menaces potentielles \u00e0 la s\u00e9curit\u00e9 physique de toute personne, violations de nos conditions d\u2019utilisation, ou quand la loi nous y contraint. Les informations non-priv\u00e9es, cependant, peuvent \u00eatre fournies \u00e0 d\u2019autres parties pour le marketing, la publicit\u00e9, ou d\u2019autres utilisations.<\/p><h2>5. Protection des informations<\/h2><p>Nous mettons en \u0153uvre une vari\u00e9t\u00e9 de mesures de s\u00e9curit\u00e9 pour pr\u00e9server la s\u00e9curit\u00e9 de vos informations personnelles. Nous utilisons un cryptage \u00e0 la pointe de la technologie pour prot\u00e9ger les informations sensibles transmises en ligne. Nous prot\u00e9geons \u00e9galement vos informations hors ligne. Seuls les employ\u00e9s qui ont besoin d\u2019effectuer un travail sp\u00e9cifique (par exemple, la facturation ou le service \u00e0 la client\u00e8le) ont acc\u00e8s aux informations personnelles identifiables. Les ordinateurs et serveurs utilis\u00e9s pour stocker des informations personnelles identifiables sont conserv\u00e9s dans un environnement s\u00e9curis\u00e9.<\/p><h2>Est-ce que nous utilisons des cookies ?<\/h2><p>Nous collectons uniquement des cookies pour Google Analytics. Cependant, cette utilisation des cookies n\u2019est en aucune fa\u00e7on li\u00e9e \u00e0 des informations personnelles identifiables sur notre site.<\/p><h2>6. Se d\u00e9sabonner<\/h2><p>Nous utilisons l\u2019adresse e-mail que vous fournissez pour vous envoyer des informations et mises \u00e0 jour relatives \u00e0 votre abonnement, des nouvelles de l\u2019entreprise de fa\u00e7on occasionnelle, des informations sur des produits et services li\u00e9s, etc. Si \u00e0 n\u2019importe quel moment vous souhaitez-vous d\u00e9sinscrire et ne plus recevoir d\u2019e-mails, des instructions de d\u00e9sabonnement d\u00e9taill\u00e9es sont incluses en bas de chaque e-mail.<\/p><h2>7. Consentement<\/h2><p>Nous recueillons votre consentement lors de la collecte de vos informations personnelles (voir 1.) En utilisant notre site, nos services ou en consultant nos e-mails, vous continuez \u00e0 consentir \u00e0 notre politique de confidentialit\u00e9.<\/p><p>&gt; Lien vers RGPD PDF ?\u00a0<\/p><\/div>\t\t\n\t<\/div>\n<\/div>\t\t\t\t<\/div>\n\t\t\t\t<\/div>\n\t\t\t\t\t<\/div>\r\n\t\t\t\t<\/div>\r\n\t\t\t\t<\/div>\n\t\t","protected":false},"excerpt":{"rendered":"<p>Higher Education Advisory &#8211; RGPD 1. Collecte de l\u2019information Nous recueillons vos informations lorsque vous vous abonnez \u00e0 la lettre d\u2019information l\u2019Essentiel du Sup. Les informations recueillies incluent votre civilit\u00e9, pr\u00e9nom et nom, votre adresse e-mail, votre \u00e9tablissement (ainsi que l\u2019adresse, code postal, ville de celui-ci), votre num\u00e9ro de t\u00e9l\u00e9phone. Lorsque nous \u00e9tablissons un contrat [&hellip;]<\/p>\n","protected":false},"author":2,"featured_media":0,"parent":0,"menu_order":0,"comment_status":"closed","ping_status":"closed","template":"","meta":{"_acf_changed":false,"footnotes":""},"class_list":["post-15828","page","type-page","status-publish","hentry"],"acf":[],"yoast_head":"<!-- This site is optimized with the Yoast SEO plugin v27.5 - https:\/\/yoast.com\/product\/yoast-seo-wordpress\/ -->\n<title>RGPD - HEADway Advisory<\/title>\n<meta name=\"robots\" content=\"index, follow, max-snippet:-1, max-image-preview:large, max-video-preview:-1\" \/>\n<link rel=\"canonical\" href=\"https:\/\/headway-advisory.com\/es\/rgpd\/\" \/>\n<meta property=\"og:locale\" content=\"es_ES\" \/>\n<meta property=\"og:type\" content=\"article\" \/>\n<meta property=\"og:title\" content=\"RGPD - HEADway Advisory\" \/>\n<meta property=\"og:description\" content=\"Higher Education Advisory &#8211; RGPD 1. Collecte de l\u2019information Nous recueillons vos informations lorsque vous vous abonnez \u00e0 la lettre d\u2019information l\u2019Essentiel du Sup. Les informations recueillies incluent votre civilit\u00e9, pr\u00e9nom et nom, votre adresse e-mail, votre \u00e9tablissement (ainsi que l\u2019adresse, code postal, ville de celui-ci), votre num\u00e9ro de t\u00e9l\u00e9phone. Lorsque nous \u00e9tablissons un contrat [&hellip;]\" \/>\n<meta property=\"og:url\" content=\"https:\/\/headway-advisory.com\/es\/rgpd\/\" \/>\n<meta property=\"og:site_name\" content=\"HEADway Advisory\" \/>\n<meta property=\"article:publisher\" content=\"https:\/\/www.facebook.com\/headwayadvisory\/\" \/>\n<meta property=\"article:modified_time\" content=\"2025-11-20T18:30:22+00:00\" \/>\n<meta name=\"twitter:card\" content=\"summary_large_image\" \/>\n<meta name=\"twitter:label1\" content=\"Tiempo de lectura\" \/>\n\t<meta name=\"twitter:data1\" content=\"4 minuto\" \/>\n<script type=\"application\/ld+json\" class=\"yoast-schema-graph\">{\"@context\":\"https:\\\/\\\/schema.org\",\"@graph\":[{\"@type\":\"WebPage\",\"@id\":\"https:\\\/\\\/headway-advisory.com\\\/es\\\/rgpd\\\/\",\"url\":\"https:\\\/\\\/headway-advisory.com\\\/es\\\/rgpd\\\/\",\"name\":\"RGPD - HEADway Advisory\",\"isPartOf\":{\"@id\":\"https:\\\/\\\/headway-advisory.com\\\/es\\\/#website\"},\"datePublished\":\"2025-06-30T14:28:34+00:00\",\"dateModified\":\"2025-11-20T18:30:22+00:00\",\"breadcrumb\":{\"@id\":\"https:\\\/\\\/headway-advisory.com\\\/es\\\/rgpd\\\/#breadcrumb\"},\"inLanguage\":\"es\",\"potentialAction\":[{\"@type\":\"ReadAction\",\"target\":[\"https:\\\/\\\/headway-advisory.com\\\/es\\\/rgpd\\\/\"]}]},{\"@type\":\"BreadcrumbList\",\"@id\":\"https:\\\/\\\/headway-advisory.com\\\/es\\\/rgpd\\\/#breadcrumb\",\"itemListElement\":[{\"@type\":\"ListItem\",\"position\":1,\"name\":\"Accueil\",\"item\":\"https:\\\/\\\/headway-advisory.com\\\/es\\\/\"},{\"@type\":\"ListItem\",\"position\":2,\"name\":\"RGPD\"}]},{\"@type\":\"WebSite\",\"@id\":\"https:\\\/\\\/headway-advisory.com\\\/es\\\/#website\",\"url\":\"https:\\\/\\\/headway-advisory.com\\\/es\\\/\",\"name\":\"HEADway Advisory\",\"description\":\"\",\"publisher\":{\"@id\":\"https:\\\/\\\/headway-advisory.com\\\/es\\\/#organization\"},\"potentialAction\":[{\"@type\":\"SearchAction\",\"target\":{\"@type\":\"EntryPoint\",\"urlTemplate\":\"https:\\\/\\\/headway-advisory.com\\\/es\\\/?s={search_term_string}\"},\"query-input\":{\"@type\":\"PropertyValueSpecification\",\"valueRequired\":true,\"valueName\":\"search_term_string\"}}],\"inLanguage\":\"es\"},{\"@type\":\"Organization\",\"@id\":\"https:\\\/\\\/headway-advisory.com\\\/es\\\/#organization\",\"name\":\"HEADway Advisory\",\"url\":\"https:\\\/\\\/headway-advisory.com\\\/es\\\/\",\"logo\":{\"@type\":\"ImageObject\",\"inLanguage\":\"es\",\"@id\":\"https:\\\/\\\/headway-advisory.com\\\/es\\\/#\\\/schema\\\/logo\\\/image\\\/\",\"url\":\"https:\\\/\\\/headway-advisory.com\\\/wp-content\\\/uploads\\\/2025\\\/06\\\/cropped-favicon-Headway-Advisory.png\",\"contentUrl\":\"https:\\\/\\\/headway-advisory.com\\\/wp-content\\\/uploads\\\/2025\\\/06\\\/cropped-favicon-Headway-Advisory.png\",\"width\":260,\"height\":260,\"caption\":\"HEADway Advisory\"},\"image\":{\"@id\":\"https:\\\/\\\/headway-advisory.com\\\/es\\\/#\\\/schema\\\/logo\\\/image\\\/\"},\"sameAs\":[\"https:\\\/\\\/www.facebook.com\\\/headwayadvisory\\\/\",\"https:\\\/\\\/www.linkedin.com\\\/company\\\/headway-advisory\\\/\"]}]}<\/script>\n<!-- \/ Yoast SEO plugin. -->","yoast_head_json":{"title":"RGPD - HEADway Advisory","robots":{"index":"index","follow":"follow","max-snippet":"max-snippet:-1","max-image-preview":"max-image-preview:large","max-video-preview":"max-video-preview:-1"},"canonical":"https:\/\/headway-advisory.com\/es\/rgpd\/","og_locale":"es_ES","og_type":"article","og_title":"RGPD - HEADway Advisory","og_description":"Higher Education Advisory &#8211; RGPD 1. Collecte de l\u2019information Nous recueillons vos informations lorsque vous vous abonnez \u00e0 la lettre d\u2019information l\u2019Essentiel du Sup. Les informations recueillies incluent votre civilit\u00e9, pr\u00e9nom et nom, votre adresse e-mail, votre \u00e9tablissement (ainsi que l\u2019adresse, code postal, ville de celui-ci), votre num\u00e9ro de t\u00e9l\u00e9phone. Lorsque nous \u00e9tablissons un contrat [&hellip;]","og_url":"https:\/\/headway-advisory.com\/es\/rgpd\/","og_site_name":"HEADway Advisory","article_publisher":"https:\/\/www.facebook.com\/headwayadvisory\/","article_modified_time":"2025-11-20T18:30:22+00:00","twitter_card":"summary_large_image","twitter_misc":{"Tiempo de lectura":"4 minuto"},"schema":{"@context":"https:\/\/schema.org","@graph":[{"@type":"WebPage","@id":"https:\/\/headway-advisory.com\/es\/rgpd\/","url":"https:\/\/headway-advisory.com\/es\/rgpd\/","name":"RGPD - HEADway Advisory","isPartOf":{"@id":"https:\/\/headway-advisory.com\/es\/#website"},"datePublished":"2025-06-30T14:28:34+00:00","dateModified":"2025-11-20T18:30:22+00:00","breadcrumb":{"@id":"https:\/\/headway-advisory.com\/es\/rgpd\/#breadcrumb"},"inLanguage":"es","potentialAction":[{"@type":"ReadAction","target":["https:\/\/headway-advisory.com\/es\/rgpd\/"]}]},{"@type":"BreadcrumbList","@id":"https:\/\/headway-advisory.com\/es\/rgpd\/#breadcrumb","itemListElement":[{"@type":"ListItem","position":1,"name":"Accueil","item":"https:\/\/headway-advisory.com\/es\/"},{"@type":"ListItem","position":2,"name":"RGPD"}]},{"@type":"WebSite","@id":"https:\/\/headway-advisory.com\/es\/#website","url":"https:\/\/headway-advisory.com\/es\/","name":"HEADway Advisory","description":"","publisher":{"@id":"https:\/\/headway-advisory.com\/es\/#organization"},"potentialAction":[{"@type":"SearchAction","target":{"@type":"EntryPoint","urlTemplate":"https:\/\/headway-advisory.com\/es\/?s={search_term_string}"},"query-input":{"@type":"PropertyValueSpecification","valueRequired":true,"valueName":"search_term_string"}}],"inLanguage":"es"},{"@type":"Organization","@id":"https:\/\/headway-advisory.com\/es\/#organization","name":"HEADway Advisory","url":"https:\/\/headway-advisory.com\/es\/","logo":{"@type":"ImageObject","inLanguage":"es","@id":"https:\/\/headway-advisory.com\/es\/#\/schema\/logo\/image\/","url":"https:\/\/headway-advisory.com\/wp-content\/uploads\/2025\/06\/cropped-favicon-Headway-Advisory.png","contentUrl":"https:\/\/headway-advisory.com\/wp-content\/uploads\/2025\/06\/cropped-favicon-Headway-Advisory.png","width":260,"height":260,"caption":"HEADway Advisory"},"image":{"@id":"https:\/\/headway-advisory.com\/es\/#\/schema\/logo\/image\/"},"sameAs":["https:\/\/www.facebook.com\/headwayadvisory\/","https:\/\/www.linkedin.com\/company\/headway-advisory\/"]}]}},"_links":{"self":[{"href":"https:\/\/headway-advisory.com\/es\/wp-json\/wp\/v2\/pages\/15828","targetHints":{"allow":["GET"]}}],"collection":[{"href":"https:\/\/headway-advisory.com\/es\/wp-json\/wp\/v2\/pages"}],"about":[{"href":"https:\/\/headway-advisory.com\/es\/wp-json\/wp\/v2\/types\/page"}],"author":[{"embeddable":true,"href":"https:\/\/headway-advisory.com\/es\/wp-json\/wp\/v2\/users\/2"}],"replies":[{"embeddable":true,"href":"https:\/\/headway-advisory.com\/es\/wp-json\/wp\/v2\/comments?post=15828"}],"version-history":[{"count":0,"href":"https:\/\/headway-advisory.com\/es\/wp-json\/wp\/v2\/pages\/15828\/revisions"}],"wp:attachment":[{"href":"https:\/\/headway-advisory.com\/es\/wp-json\/wp\/v2\/media?parent=15828"}],"curies":[{"name":"wp","href":"https:\/\/api.w.org\/{rel}","templated":true}]}}