{"id":15862,"date":"2024-01-27T14:07:30","date_gmt":"2024-01-27T13:07:30","guid":{"rendered":"https:\/\/headway-advisory.com\/contactenos\/"},"modified":"2025-12-07T17:56:02","modified_gmt":"2025-12-07T16:56:02","slug":"contactenos","status":"publish","type":"page","link":"https:\/\/headway-advisory.com\/es\/contactenos\/","title":{"rendered":"Cont\u00e1ctenos"},"content":{"rendered":"\t\t<div data-elementor-type=\"wp-page\" data-elementor-id=\"15862\" class=\"elementor elementor-15862 elementor-627\" data-elementor-post-type=\"page\">\n\t\t\t\t        <section class=\"elementor-section elementor-top-section elementor-element elementor-element-4de57ae elementor-section-stretched elementor-section-boxed elementor-section-height-default elementor-section-height-default pxl-row-scroll-none pxl-bg-color-none pxl-section-overlay-none pxl-column-overflow-hidden-no\" data-id=\"4de57ae\" data-element_type=\"section\" data-e-type=\"section\" data-settings=\"{&quot;stretch_section&quot;:&quot;section-stretched&quot;}\">\n\n                \n                <div class=\"elementor-container elementor-column-gap-extended \">\n                <div class=\"elementor-column elementor-col-50 elementor-top-column elementor-element elementor-element-0266399 pxl-column-none pxl-section-offset-none pxl-particle-background-none\" data-id=\"0266399\" data-element_type=\"column\" data-e-type=\"column\">\r\n        <div class=\"elementor-widget-wrap elementor-element-populated\">\r\n                     \r\n        \t\t<div class=\"elementor-element elementor-element-89f9bda elementor-widget elementor-widget-pxl_heading\" data-id=\"89f9bda\" data-element_type=\"widget\" data-e-type=\"widget\" data-widget_type=\"pxl_heading.default\">\n\t\t\t\t<div class=\"elementor-widget-container\">\n\t\t\t\t\t\n<div id=\"pxl-pxl_heading-89f9bda-7008\" class=\"pxl-heading px-sub-title-default-style  \">\n\t<div class=\"pxl-heading--inner\">\n\t\t\t\t\t<div class=\"pxl-item--subtitle px-sub-title-default  \" data-wow-delay=\"ms\">\n\t\t\t\t<span class=\"pxl-item--subtext\">\n\t\t\t\t\t\t\n\t\t\t\t\t\t\t\t\t\t\t\n\t\t\t\t\t\t\t\t\t\t\t\t\t\t\t\tContacto\t\t\t\t\t\t\n\t\t\t\t\t\t\t\t\t\t\t\t\n\t\t\t\t<\/span>\n\t\t\t<\/div>\n\t\t\n\t\t<h3 class=\"pxl-item--title divider-none  wow skewIn\" data-wow-delay=\"ms\">\n\t\t\t\t\tCont\u00e1ctenos\t\n\t\t\t\n\t\t<\/h3>\n\n\t<\/div>\n<\/div>\t\t\t\t<\/div>\n\t\t\t\t<\/div>\n\t\t        <section class=\"elementor-section elementor-inner-section elementor-element elementor-element-c83d70e elementor-section-boxed elementor-section-height-default elementor-section-height-default pxl-row-scroll-none pxl-bg-color-none pxl-section-overlay-none pxl-column-overflow-hidden-no\" data-id=\"c83d70e\" data-element_type=\"section\" data-e-type=\"section\">\n\n                \n                <div class=\"elementor-container elementor-column-gap-extended \">\n                <div class=\"elementor-column elementor-col-50 elementor-inner-column elementor-element elementor-element-c559a47 pxl-column-none pxl-section-offset-none pxl-particle-background-none\" data-id=\"c559a47\" data-element_type=\"column\" data-e-type=\"column\">\r\n        <div class=\"elementor-widget-wrap elementor-element-populated\">\r\n                     \r\n        \t\t<div class=\"elementor-element elementor-element-b163884 elementor-widget elementor-widget-pxl_opening_hour\" data-id=\"b163884\" data-element_type=\"widget\" data-e-type=\"widget\" data-widget_type=\"pxl_opening_hour.default\">\n\t\t\t\t<div class=\"elementor-widget-container\">\n\t\t\t\t\t<div class=\"pxl-opening-hour\">    \r\n    <h6 class=\"pxl-opening-title\">Horario de apertura<\/h6>\r\n                <div class=\"pxl--item \" >\r\n                            <label>Lunes-Viernes<\/label>\r\n            \r\n                            <span>9h \u2013 18h<\/span>\r\n                    <\/div>\r\n          \r\n<\/div>\t\t\t\t<\/div>\n\t\t\t\t<\/div>\n\t\t            <\/div>\r\n        <\/div>\r\n                <div class=\"elementor-column elementor-col-50 elementor-inner-column elementor-element elementor-element-d277573 pxl-column-none pxl-section-offset-none pxl-particle-background-none\" data-id=\"d277573\" data-element_type=\"column\" data-e-type=\"column\">\r\n        <div class=\"elementor-widget-wrap elementor-element-populated\">\r\n                     \r\n        \t\t<div class=\"elementor-element elementor-element-6f13da8 elementor-widget elementor-widget-pxl_heading\" data-id=\"6f13da8\" data-element_type=\"widget\" data-e-type=\"widget\" data-widget_type=\"pxl_heading.default\">\n\t\t\t\t<div class=\"elementor-widget-container\">\n\t\t\t\t\t\n<div id=\"pxl-pxl_heading-6f13da8-2778\" class=\"pxl-heading px-sub-title-default-style  \">\n\t<div class=\"pxl-heading--inner\">\n\t\t\n\t\t<h3 class=\"pxl-item--title divider-none  \" data-wow-delay=\"ms\">\n\t\t\t\t\tCont\u00e1ctenos \t\n\t\t\t\n\t\t<\/h3>\n\n\t<\/div>\n<\/div>\t\t\t\t<\/div>\n\t\t\t\t<\/div>\n\t\t\t\t<div class=\"elementor-element elementor-element-9f89b4c elementor-widget elementor-widget-pxl_icon_box\" data-id=\"9f89b4c\" data-element_type=\"widget\" data-e-type=\"widget\" data-widget_type=\"pxl_icon_box.default\">\n\t\t\t\t<div class=\"elementor-widget-container\">\n\t\t\t\t\t<div class=\"pxl-icon-box pxl-icon-box1 style-1  default\" data-wow-delay=\"ms\">\r\n    <div class=\"pxl-item--inner\">\r\n                    <div class=\"pxl-item--icon pxl-mr-14\">\r\n                <i aria-hidden=\"true\" class=\"fas fa-phone-alt\"><\/i>            <\/div>\r\n                                <div class=\"pxl-item--holder\">\r\n            <h5 class=\"pxl-item--title el-empty\"><\/h5>\r\n            <div class=\"pxl-item--description el-empty\">+33 (0)1 71 18 22 62<\/div>\r\n        <\/div>\r\n                    <div class=\"pxl-item--link\"><a href=\"tel:+33171182262\"><\/a><\/div>\r\n            <\/div>\r\n<\/div>\t\t\t\t<\/div>\n\t\t\t\t<\/div>\n\t\t\t\t<div class=\"elementor-element elementor-element-e7fe802 elementor-widget elementor-widget-pxl_icon_box\" data-id=\"e7fe802\" data-element_type=\"widget\" data-e-type=\"widget\" data-widget_type=\"pxl_icon_box.default\">\n\t\t\t\t<div class=\"elementor-widget-container\">\n\t\t\t\t\t<div class=\"pxl-icon-box pxl-icon-box1 style-1  default\" data-wow-delay=\"ms\">\r\n    <div class=\"pxl-item--inner\">\r\n                    <div class=\"pxl-item--icon pxl-mr-14\">\r\n                <i aria-hidden=\"true\" class=\"flaticon flaticon-email\"><\/i>            <\/div>\r\n                                <div class=\"pxl-item--holder\">\r\n            <h5 class=\"pxl-item--title el-empty\"><\/h5>\r\n            <div class=\"pxl-item--description el-empty\">contact@headway-advisory.com<\/div>\r\n        <\/div>\r\n                    <div class=\"pxl-item--link\"><a href=\"mailto:contact@headway-advisory.com\"><\/a><\/div>\r\n            <\/div>\r\n<\/div>\t\t\t\t<\/div>\n\t\t\t\t<\/div>\n\t\t\t\t<div class=\"elementor-element elementor-element-18091c9 elementor-widget elementor-widget-pxl_icon_box\" data-id=\"18091c9\" data-element_type=\"widget\" data-e-type=\"widget\" data-widget_type=\"pxl_icon_box.default\">\n\t\t\t\t<div class=\"elementor-widget-container\">\n\t\t\t\t\t<div class=\"pxl-icon-box pxl-icon-box1 style-1  default\" data-wow-delay=\"ms\">\r\n    <div class=\"pxl-item--inner\">\r\n                    <div class=\"pxl-item--icon pxl-mr-14\">\r\n                <i aria-hidden=\"true\" class=\"fas fa-map-marker-alt\"><\/i>            <\/div>\r\n                                <div class=\"pxl-item--holder\">\r\n            <h5 class=\"pxl-item--title el-empty\"><\/h5>\r\n            <div class=\"pxl-item--description el-empty\">33 rue d\u2019Amsterdam\n75008 Paris <\/div>\r\n        <\/div>\r\n                    <div class=\"pxl-item--link\"><a href=\"https:\/\/maps.app.goo.gl\/aJCiZ8boeFNvxAdx7\"><\/a><\/div>\r\n            <\/div>\r\n<\/div>\t\t\t\t<\/div>\n\t\t\t\t<\/div>\n\t\t            <\/div>\r\n        <\/div>\r\n        \t\t\t<\/div>\n\t\t<\/section>\n\t\t            <\/div>\r\n        <\/div>\r\n                <div class=\"elementor-column elementor-col-50 elementor-top-column elementor-element elementor-element-b7ea0ed pxl-column-none pxl-section-offset-none pxl-particle-background-none\" data-id=\"b7ea0ed\" data-element_type=\"column\" data-e-type=\"column\">\r\n        <div class=\"elementor-widget-wrap elementor-element-populated\">\r\n                     \r\n        \t\t<div class=\"elementor-element elementor-element-abe1494 elementor-widget elementor-widget-pxl_contact_form\" data-id=\"abe1494\" data-element_type=\"widget\" data-e-type=\"widget\" data-widget_type=\"pxl_contact_form.default\">\n\t\t\t\t<div class=\"elementor-widget-container\">\n\t\t\t\t\t    <div class=\"pxl-contact-form pxl-contact-form1 box-style-white btn-w-full \" data-wow-delay=\"ms\">\r\n                \t<div class=\"pxl-contact-meta\">\r\n        \t\t<h4>Envoyez nous un e-mail<\/h4>\r\n        \t\t<p><\/p>\r\n        \t<\/div>\r\n                \n<div class=\"wpcf7 no-js\" id=\"wpcf7-f16531-o1\" lang=\"es-ES\" dir=\"ltr\" data-wpcf7-id=\"16531\">\n<div class=\"screen-reader-response\"><p role=\"status\" aria-live=\"polite\" aria-atomic=\"true\"><\/p> <ul><\/ul><\/div>\n<form action=\"\/es\/wp-json\/wp\/v2\/pages\/15862#wpcf7-f16531-o1\" method=\"post\" class=\"wpcf7-form init\" aria-label=\"Formulario de contacto\" novalidate=\"novalidate\" data-status=\"init\">\n<fieldset class=\"hidden-fields-container\"><input type=\"hidden\" name=\"_wpcf7\" value=\"16531\" \/><input type=\"hidden\" name=\"_wpcf7_version\" value=\"6.1.5\" \/><input type=\"hidden\" name=\"_wpcf7_locale\" value=\"es_ES\" \/><input type=\"hidden\" name=\"_wpcf7_unit_tag\" value=\"wpcf7-f16531-o1\" \/><input type=\"hidden\" name=\"_wpcf7_container_post\" value=\"0\" \/><input type=\"hidden\" name=\"_wpcf7_posted_data_hash\" value=\"\" \/>\n<\/fieldset>\n<div class=\"wp-row-ctf7 contact-form-about\">\n\t<div class=\"row pxl-group--items\">\n\t\t<div class=\"col-lg-12\">\n\t\t\t<div class=\"pxl--item your-name\">\n\t\t\t\t<p><span class=\"wpcf7-form-control-wrap\" data-name=\"your-name\"><input size=\"40\" maxlength=\"400\" class=\"wpcf7-form-control wpcf7-text wpcf7-validates-as-required\" aria-required=\"true\" aria-invalid=\"false\" placeholder=\"Su nombre\" value=\"\" type=\"text\" name=\"your-name\" \/><\/span>\n\t\t\t\t<\/p>\n\t\t\t<\/div>\n\t\t<\/div>\n\t\t<div class=\"col-lg-12\">\n\t\t\t<div class=\"pxl--item tel\">\n\t\t\t\t<p><span class=\"wpcf7-form-control-wrap\" data-name=\"tel-596\"><input size=\"40\" maxlength=\"400\" class=\"wpcf7-form-control wpcf7-tel wpcf7-validates-as-required wpcf7-text wpcf7-validates-as-tel\" aria-required=\"true\" aria-invalid=\"false\" placeholder=\"Tel\u00e9fono\" value=\"\" type=\"tel\" name=\"tel-596\" \/><\/span>\n\t\t\t\t<\/p>\n\t\t\t<\/div>\n\t\t<\/div>\n\t\t<div class=\"col-lg-12\">\n\t\t\t<div class=\"pxl--item your-email\">\n\t\t\t\t<p><span class=\"wpcf7-form-control-wrap\" data-name=\"your-email\"><input size=\"40\" maxlength=\"400\" class=\"wpcf7-form-control wpcf7-email wpcf7-validates-as-required wpcf7-text wpcf7-validates-as-email\" aria-required=\"true\" aria-invalid=\"false\" placeholder=\"Email\" value=\"\" type=\"email\" name=\"your-email\" \/><\/span>\n\t\t\t\t<\/p>\n\t\t\t<\/div>\n\t\t<\/div>\n\t\t<div class=\"col-lg-12\">\n\t\t\t<div class=\"pxl--item fonction\">\n\t\t\t\t<p><span class=\"wpcf7-form-control-wrap\" data-name=\"text-571\"><input size=\"40\" maxlength=\"400\" class=\"wpcf7-form-control wpcf7-text wpcf7-validates-as-required\" aria-required=\"true\" aria-invalid=\"false\" placeholder=\"Posici\u00f3n\" value=\"\" type=\"text\" name=\"text-571\" \/><\/span>\n\t\t\t\t<\/p>\n\t\t\t<\/div>\n\t\t<\/div>\n\t\t<div class=\"col-lg-12\">\n\t\t\t<div class=\"pxl--item message\">\n\t\t\t\t<p><span class=\"wpcf7-form-control-wrap\" data-name=\"textarea-823\"><textarea cols=\"40\" rows=\"10\" maxlength=\"2000\" class=\"wpcf7-form-control wpcf7-textarea wpcf7-validates-as-required\" aria-required=\"true\" aria-invalid=\"false\" name=\"textarea-823\">Su mensaje<\/textarea><\/span>\n\t\t\t\t<\/p>\n\t\t\t<\/div>\n\t\t<\/div>\n\t<\/div>\n\t<div class=\"pxl--item wpcf7-acceptance-wrap\">\n\t\t<p><span class=\"wpcf7-form-control-wrap\" data-name=\"acceptance-534\"><span class=\"wpcf7-form-control wpcf7-acceptance optional\"><span class=\"wpcf7-list-item\"><label><input type=\"checkbox\" name=\"acceptance-534\" value=\"1\" aria-invalid=\"false\" \/><span class=\"wpcf7-list-item-label\">Acepto los t\u00e9rminos y condiciones generales<\/span><\/label><\/span><\/span><\/span>\n\t\t<\/p>\n\t<\/div>\n\t<div class=\"col-lg-12\">\n\t\t<div class=\"row pxl--item\">\n\t\t\t<p><button type=\"submit\" class=\"btn pxl-wobble\" data-animation=\"pxl-xspin\"> Enviar <\/button>\n\t\t\t<\/p>\n\t\t<\/div>\n\t<\/div>\n<\/div><div class=\"wpcf7-response-output\" aria-hidden=\"true\"><\/div>\n<\/form>\n<\/div>\n    <\/div>\r\n\t\t\t\t<\/div>\n\t\t\t\t<\/div>\n\t\t            <\/div>\r\n        <\/div>\r\n        \t\t\t<\/div>\n\t\t<\/section>\n\t\t        <section class=\"elementor-section elementor-top-section elementor-element elementor-element-4f55271 elementor-section-stretched elementor-section-boxed elementor-section-height-default elementor-section-height-default pxl-row-scroll-none pxl-bg-color-none pxl-section-overlay-none pxl-column-overflow-hidden-no\" data-id=\"4f55271\" data-element_type=\"section\" data-e-type=\"section\" data-settings=\"{&quot;stretch_section&quot;:&quot;section-stretched&quot;}\">\n\n                \n                <div class=\"elementor-container elementor-column-gap-extended \">\n                <div class=\"elementor-column elementor-col-100 elementor-top-column elementor-element elementor-element-adbf297 pxl-column-none pxl-section-offset-none pxl-particle-background-none\" data-id=\"adbf297\" data-element_type=\"column\" data-e-type=\"column\">\r\n        <div class=\"elementor-widget-wrap elementor-element-populated\">\r\n                     \r\n        \t\t<div class=\"elementor-element elementor-element-d597ac6 elementor-widget elementor-widget-google_maps\" data-id=\"d597ac6\" data-element_type=\"widget\" data-e-type=\"widget\" data-widget_type=\"google_maps.default\">\n\t\t\t\t\t\t\t<div class=\"elementor-custom-embed\">\n\t\t\t<iframe loading=\"lazy\"\n\t\t\t\t\tsrc=\"https:\/\/maps.google.com\/maps?q=33%20Rue%20d%27Amsterdam%2C%2075008%20Paris&#038;t=m&#038;z=11&#038;output=embed&#038;iwloc=near\"\n\t\t\t\t\ttitle=\"33 Rue d&#039;Amsterdam, 75008 Paris\"\n\t\t\t\t\taria-label=\"33 Rue d&#039;Amsterdam, 75008 Paris\"\n\t\t\t><\/iframe>\n\t\t<\/div>\n\t\t\t\t\t\t<\/div>\n\t\t            <\/div>\r\n        <\/div>\r\n        \t\t\t<\/div>\n\t\t<\/section>\n\t\t\t\t<\/div>\n\t\t","protected":false},"excerpt":{"rendered":"<p>Contacto Cont\u00e1ctenos Horario de apertura Lunes-Viernes 9h \u2013 18h Cont\u00e1ctenos +33 (0)1 71 18 22 62 contact@headway-advisory.com 33 rue d\u2019Amsterdam 75008 Paris Envoyez nous un e-mail Votre message Acepto los t\u00e9rminos y condiciones generales Enviar &#916;<\/p>\n","protected":false},"author":2,"featured_media":0,"parent":0,"menu_order":0,"comment_status":"closed","ping_status":"closed","template":"","meta":{"_acf_changed":false,"footnotes":""},"class_list":["post-15862","page","type-page","status-publish","hentry"],"acf":[],"yoast_head":"<!-- This site is optimized with the Yoast SEO plugin v27.4 - https:\/\/yoast.com\/product\/yoast-seo-wordpress\/ -->\n<title>Cont\u00e1ctenos - HEADway Advisory<\/title>\n<meta name=\"description\" content=\"Cont\u00e1ctenos | HEADway Advisory \u2013 Consultor\u00eda en educaci\u00f3n superior. \u00bfNecesita informaci\u00f3n o asesoramiento? Contacte con HEADway Advisory por tel\u00e9fono o correo electr\u00f3nico.\" \/>\n<meta name=\"robots\" content=\"index, follow, max-snippet:-1, max-image-preview:large, max-video-preview:-1\" \/>\n<link rel=\"canonical\" href=\"https:\/\/headway-advisory.com\/es\/contactenos\/\" \/>\n<meta property=\"og:locale\" content=\"es_ES\" \/>\n<meta property=\"og:type\" content=\"article\" \/>\n<meta property=\"og:title\" content=\"Cont\u00e1ctenos - HEADway Advisory\" \/>\n<meta property=\"og:description\" content=\"Cont\u00e1ctenos | HEADway Advisory \u2013 Consultor\u00eda en educaci\u00f3n superior. \u00bfNecesita informaci\u00f3n o asesoramiento? Contacte con HEADway Advisory por tel\u00e9fono o correo electr\u00f3nico.\" \/>\n<meta property=\"og:url\" content=\"https:\/\/headway-advisory.com\/es\/contactenos\/\" \/>\n<meta property=\"og:site_name\" content=\"HEADway Advisory\" \/>\n<meta property=\"article:publisher\" content=\"https:\/\/www.facebook.com\/headwayadvisory\/\" \/>\n<meta property=\"article:modified_time\" content=\"2025-12-07T16:56:02+00:00\" \/>\n<meta name=\"twitter:card\" content=\"summary_large_image\" \/>\n<meta name=\"twitter:label1\" content=\"Tiempo de lectura\" \/>\n\t<meta name=\"twitter:data1\" content=\"1 minuto\" \/>\n<script type=\"application\/ld+json\" class=\"yoast-schema-graph\">{\"@context\":\"https:\\\/\\\/schema.org\",\"@graph\":[{\"@type\":\"WebPage\",\"@id\":\"https:\\\/\\\/headway-advisory.com\\\/es\\\/contactenos\\\/\",\"url\":\"https:\\\/\\\/headway-advisory.com\\\/es\\\/contactenos\\\/\",\"name\":\"Cont\u00e1ctenos - HEADway Advisory\",\"isPartOf\":{\"@id\":\"https:\\\/\\\/headway-advisory.com\\\/es\\\/#website\"},\"datePublished\":\"2024-01-27T13:07:30+00:00\",\"dateModified\":\"2025-12-07T16:56:02+00:00\",\"description\":\"Cont\u00e1ctenos | HEADway Advisory \u2013 Consultor\u00eda en educaci\u00f3n superior. \u00bfNecesita informaci\u00f3n o asesoramiento? Contacte con HEADway Advisory por tel\u00e9fono o correo electr\u00f3nico.\",\"breadcrumb\":{\"@id\":\"https:\\\/\\\/headway-advisory.com\\\/es\\\/contactenos\\\/#breadcrumb\"},\"inLanguage\":\"es\",\"potentialAction\":[{\"@type\":\"ReadAction\",\"target\":[\"https:\\\/\\\/headway-advisory.com\\\/es\\\/contactenos\\\/\"]}]},{\"@type\":\"BreadcrumbList\",\"@id\":\"https:\\\/\\\/headway-advisory.com\\\/es\\\/contactenos\\\/#breadcrumb\",\"itemListElement\":[{\"@type\":\"ListItem\",\"position\":1,\"name\":\"Accueil\",\"item\":\"https:\\\/\\\/headway-advisory.com\\\/es\\\/\"},{\"@type\":\"ListItem\",\"position\":2,\"name\":\"Cont\u00e1ctenos\"}]},{\"@type\":\"WebSite\",\"@id\":\"https:\\\/\\\/headway-advisory.com\\\/es\\\/#website\",\"url\":\"https:\\\/\\\/headway-advisory.com\\\/es\\\/\",\"name\":\"HEADway Advisory\",\"description\":\"\",\"publisher\":{\"@id\":\"https:\\\/\\\/headway-advisory.com\\\/es\\\/#organization\"},\"potentialAction\":[{\"@type\":\"SearchAction\",\"target\":{\"@type\":\"EntryPoint\",\"urlTemplate\":\"https:\\\/\\\/headway-advisory.com\\\/es\\\/?s={search_term_string}\"},\"query-input\":{\"@type\":\"PropertyValueSpecification\",\"valueRequired\":true,\"valueName\":\"search_term_string\"}}],\"inLanguage\":\"es\"},{\"@type\":\"Organization\",\"@id\":\"https:\\\/\\\/headway-advisory.com\\\/es\\\/#organization\",\"name\":\"HEADway Advisory\",\"url\":\"https:\\\/\\\/headway-advisory.com\\\/es\\\/\",\"logo\":{\"@type\":\"ImageObject\",\"inLanguage\":\"es\",\"@id\":\"https:\\\/\\\/headway-advisory.com\\\/es\\\/#\\\/schema\\\/logo\\\/image\\\/\",\"url\":\"https:\\\/\\\/headway-advisory.com\\\/wp-content\\\/uploads\\\/2025\\\/06\\\/cropped-favicon-Headway-Advisory.png\",\"contentUrl\":\"https:\\\/\\\/headway-advisory.com\\\/wp-content\\\/uploads\\\/2025\\\/06\\\/cropped-favicon-Headway-Advisory.png\",\"width\":260,\"height\":260,\"caption\":\"HEADway Advisory\"},\"image\":{\"@id\":\"https:\\\/\\\/headway-advisory.com\\\/es\\\/#\\\/schema\\\/logo\\\/image\\\/\"},\"sameAs\":[\"https:\\\/\\\/www.facebook.com\\\/headwayadvisory\\\/\",\"https:\\\/\\\/www.linkedin.com\\\/company\\\/headway-advisory\\\/\"]}]}<\/script>\n<!-- \/ Yoast SEO plugin. -->","yoast_head_json":{"title":"Cont\u00e1ctenos - HEADway Advisory","description":"Cont\u00e1ctenos | HEADway Advisory \u2013 Consultor\u00eda en educaci\u00f3n superior. \u00bfNecesita informaci\u00f3n o asesoramiento? Contacte con HEADway Advisory por tel\u00e9fono o correo electr\u00f3nico.","robots":{"index":"index","follow":"follow","max-snippet":"max-snippet:-1","max-image-preview":"max-image-preview:large","max-video-preview":"max-video-preview:-1"},"canonical":"https:\/\/headway-advisory.com\/es\/contactenos\/","og_locale":"es_ES","og_type":"article","og_title":"Cont\u00e1ctenos - HEADway Advisory","og_description":"Cont\u00e1ctenos | HEADway Advisory \u2013 Consultor\u00eda en educaci\u00f3n superior. \u00bfNecesita informaci\u00f3n o asesoramiento? Contacte con HEADway Advisory por tel\u00e9fono o correo electr\u00f3nico.","og_url":"https:\/\/headway-advisory.com\/es\/contactenos\/","og_site_name":"HEADway Advisory","article_publisher":"https:\/\/www.facebook.com\/headwayadvisory\/","article_modified_time":"2025-12-07T16:56:02+00:00","twitter_card":"summary_large_image","twitter_misc":{"Tiempo de lectura":"1 minuto"},"schema":{"@context":"https:\/\/schema.org","@graph":[{"@type":"WebPage","@id":"https:\/\/headway-advisory.com\/es\/contactenos\/","url":"https:\/\/headway-advisory.com\/es\/contactenos\/","name":"Cont\u00e1ctenos - HEADway Advisory","isPartOf":{"@id":"https:\/\/headway-advisory.com\/es\/#website"},"datePublished":"2024-01-27T13:07:30+00:00","dateModified":"2025-12-07T16:56:02+00:00","description":"Cont\u00e1ctenos | HEADway Advisory \u2013 Consultor\u00eda en educaci\u00f3n superior. \u00bfNecesita informaci\u00f3n o asesoramiento? Contacte con HEADway Advisory por tel\u00e9fono o correo electr\u00f3nico.","breadcrumb":{"@id":"https:\/\/headway-advisory.com\/es\/contactenos\/#breadcrumb"},"inLanguage":"es","potentialAction":[{"@type":"ReadAction","target":["https:\/\/headway-advisory.com\/es\/contactenos\/"]}]},{"@type":"BreadcrumbList","@id":"https:\/\/headway-advisory.com\/es\/contactenos\/#breadcrumb","itemListElement":[{"@type":"ListItem","position":1,"name":"Accueil","item":"https:\/\/headway-advisory.com\/es\/"},{"@type":"ListItem","position":2,"name":"Cont\u00e1ctenos"}]},{"@type":"WebSite","@id":"https:\/\/headway-advisory.com\/es\/#website","url":"https:\/\/headway-advisory.com\/es\/","name":"HEADway Advisory","description":"","publisher":{"@id":"https:\/\/headway-advisory.com\/es\/#organization"},"potentialAction":[{"@type":"SearchAction","target":{"@type":"EntryPoint","urlTemplate":"https:\/\/headway-advisory.com\/es\/?s={search_term_string}"},"query-input":{"@type":"PropertyValueSpecification","valueRequired":true,"valueName":"search_term_string"}}],"inLanguage":"es"},{"@type":"Organization","@id":"https:\/\/headway-advisory.com\/es\/#organization","name":"HEADway Advisory","url":"https:\/\/headway-advisory.com\/es\/","logo":{"@type":"ImageObject","inLanguage":"es","@id":"https:\/\/headway-advisory.com\/es\/#\/schema\/logo\/image\/","url":"https:\/\/headway-advisory.com\/wp-content\/uploads\/2025\/06\/cropped-favicon-Headway-Advisory.png","contentUrl":"https:\/\/headway-advisory.com\/wp-content\/uploads\/2025\/06\/cropped-favicon-Headway-Advisory.png","width":260,"height":260,"caption":"HEADway Advisory"},"image":{"@id":"https:\/\/headway-advisory.com\/es\/#\/schema\/logo\/image\/"},"sameAs":["https:\/\/www.facebook.com\/headwayadvisory\/","https:\/\/www.linkedin.com\/company\/headway-advisory\/"]}]}},"_links":{"self":[{"href":"https:\/\/headway-advisory.com\/es\/wp-json\/wp\/v2\/pages\/15862","targetHints":{"allow":["GET"]}}],"collection":[{"href":"https:\/\/headway-advisory.com\/es\/wp-json\/wp\/v2\/pages"}],"about":[{"href":"https:\/\/headway-advisory.com\/es\/wp-json\/wp\/v2\/types\/page"}],"author":[{"embeddable":true,"href":"https:\/\/headway-advisory.com\/es\/wp-json\/wp\/v2\/users\/2"}],"replies":[{"embeddable":true,"href":"https:\/\/headway-advisory.com\/es\/wp-json\/wp\/v2\/comments?post=15862"}],"version-history":[{"count":0,"href":"https:\/\/headway-advisory.com\/es\/wp-json\/wp\/v2\/pages\/15862\/revisions"}],"wp:attachment":[{"href":"https:\/\/headway-advisory.com\/es\/wp-json\/wp\/v2\/media?parent=15862"}],"curies":[{"name":"wp","href":"https:\/\/api.w.org\/{rel}","templated":true}]}}